{"id":864,"date":"2020-08-19T15:50:36","date_gmt":"2020-08-19T13:50:36","guid":{"rendered":"https:\/\/conservativeenthusiast.com\/?page_id=864"},"modified":"2021-04-04T17:18:03","modified_gmt":"2021-04-04T15:18:03","slug":"litterature","status":"publish","type":"page","link":"https:\/\/conservativenthusiast.com\/en\/litterature\/","title":{"rendered":"LITERATURE"},"content":{"rendered":"<p>[et_pb_section fb_built=&#8221;1&#8243; fullwidth=&#8221;on&#8221; _builder_version=&#8221;4.5.6&#8243; _module_preset=&#8221;default&#8221; background_image=&#8221;https:\/\/conservativenthusiast.com\/wp-content\/uploads\/2020\/08\/BANNER-HISTORY.jpg&#8221; saved_tabs=&#8221;all&#8221;][et_pb_fullwidth_header title=&#8221;LITT\u00c9RATURE&#8221; background_overlay_color=&#8221;rgba(0,0,0,0.24)&#8221; _builder_version=&#8221;4.5.7&#8243; _module_preset=&#8221;default&#8221; title_font=&#8221;Belgrano||||||||&#8221; title_text_align=&#8221;left&#8221; title_font_size=&#8221;80px&#8221; content_font=&#8221;Poppins||||||||&#8221; content_text_align=&#8221;left&#8221; content_font_size=&#8221;20px&#8221; background_image=&#8221;https:\/\/conservativenthusiast.com\/wp-content\/uploads\/2020\/08\/devon-divine-Hzp-1ua8DVE-unsplash.jpg&#8221; custom_button_one=&#8221;on&#8221; button_one_text_size=&#8221;0px&#8221; button_one_border_width=&#8221;0px&#8221; height=&#8221;360px&#8221; custom_padding=&#8221;65px||70px|||&#8221; title_font_size_tablet=&#8221;50px&#8221; title_font_size_phone=&#8221;40px&#8221; title_font_size_last_edited=&#8221;on|phone&#8221; title_text_shadow_style=&#8221;preset1&#8243; content_text_shadow_style=&#8221;preset1&#8243;][\/et_pb_fullwidth_header][\/et_pb_section][et_pb_section fb_built=&#8221;1&#8243; disabled_on=&#8221;on|on|on&#8221; _builder_version=&#8221;4.6.5&#8243; _module_preset=&#8221;default&#8221; custom_padding=&#8221;36px||4px|||&#8221; disabled=&#8221;on&#8221;][et_pb_row _builder_version=&#8221;4.5.6&#8243; _module_preset=&#8221;default&#8221; custom_margin=&#8221;|auto|-5px|auto||&#8221; custom_padding=&#8221;4px||6px|||&#8221;][et_pb_column type=&#8221;4_4&#8243; _builder_version=&#8221;4.5.6&#8243; _module_preset=&#8221;default&#8221;][et_pb_text _builder_version=&#8221;4.6.5&#8243; text_font=&#8221;Belgrano||||||||&#8221; text_text_color=&#8221;#000000&#8243; text_font_size=&#8221;35px&#8221; text_line_height=&#8221;1.8em&#8221; custom_margin=&#8221;20px||-2px|||&#8221; custom_padding=&#8221;||8px|||&#8221;]<\/p>\n<p style=\"text-align: left;\"><span>| LA BIBLIOTH\u00c8QUE TCE<\/span><\/p>\n<p>[\/et_pb_text][et_pb_text _builder_version=&#8221;4.6.5&#8243; text_font=&#8221;Belgrano||||||||&#8221; text_text_color=&#8221;#000000&#8243; text_font_size=&#8221;25px&#8221; text_line_height=&#8221;1.8em&#8221; custom_margin=&#8221;20px||-2px|||&#8221; custom_padding=&#8221;||8px|||&#8221;]<\/p>\n<p style=\"text-align: left;\"><span>| PAR TH\u00c8ME<\/span><\/p>\n<p>[\/et_pb_text][\/et_pb_column][\/et_pb_row][\/et_pb_section][et_pb_section fb_built=&#8221;1&#8243; disabled_on=&#8221;on|on|on&#8221; _builder_version=&#8221;4.5.6&#8243; _module_preset=&#8221;default&#8221; custom_padding=&#8221;6px||6px|||&#8221; disabled=&#8221;on&#8221;][et_pb_row _builder_version=&#8221;4.6.5&#8243; _module_preset=&#8221;default&#8221; custom_padding=&#8221;6px|||||&#8221;][et_pb_column type=&#8221;4_4&#8243; _builder_version=&#8221;4.6.5&#8243; _module_preset=&#8221;default&#8221; link_option_url=&#8221;https:\/\/conservativenthusiast.com\/recommandation-de-lectures-comprendre-la-france-et-leurope\/&#8221;][et_pb_gallery gallery_ids=&#8221;1937&#8243; _builder_version=&#8221;4.6.5&#8243; _module_preset=&#8221;default&#8221; link_option_url=&#8221;https:\/\/conservativenthusiast.com\/recommandation-de-lectures-comprendre-la-france-et-leurope\/&#8221;][\/et_pb_gallery][\/et_pb_column][\/et_pb_row][\/et_pb_section][et_pb_section fb_built=&#8221;1&#8243; disabled_on=&#8221;on|on|on&#8221; _builder_version=&#8221;4.6.5&#8243; _module_preset=&#8221;default&#8221; custom_padding=&#8221;0px||0px|||&#8221; disabled=&#8221;on&#8221;][et_pb_row _builder_version=&#8221;4.5.6&#8243; _module_preset=&#8221;default&#8221; custom_padding=&#8221;4px||6px|||&#8221;][et_pb_column type=&#8221;4_4&#8243; _builder_version=&#8221;4.5.6&#8243; _module_preset=&#8221;default&#8221;][et_pb_text _builder_version=&#8221;4.6.5&#8243; text_font=&#8221;Belgrano||||||||&#8221; text_text_color=&#8221;#000000&#8243; text_font_size=&#8221;25px&#8221; text_line_height=&#8221;1.8em&#8221; custom_margin=&#8221;2px||-2px|||&#8221; custom_padding=&#8221;||3px|||&#8221;]<\/p>\n<p style=\"text-align: left;\"><span>| PAR AUTEUR<\/span><\/p>\n<p>[\/et_pb_text][\/et_pb_column][\/et_pb_row][\/et_pb_section][et_pb_section fb_built=&#8221;1&#8243; disabled_on=&#8221;on|on|on&#8221; _builder_version=&#8221;4.5.6&#8243; _module_preset=&#8221;default&#8221; custom_padding=&#8221;6px||20px|||&#8221; disabled=&#8221;on&#8221;][et_pb_row _builder_version=&#8221;4.6.5&#8243; _module_preset=&#8221;default&#8221; custom_padding=&#8221;5px|||||&#8221;][et_pb_column type=&#8221;4_4&#8243; _builder_version=&#8221;4.6.5&#8243; _module_preset=&#8221;default&#8221;][et_pb_gallery gallery_ids=&#8221;1937&#8243; _builder_version=&#8221;4.6.5&#8243; _module_preset=&#8221;default&#8221;][\/et_pb_gallery][\/et_pb_column][\/et_pb_row][\/et_pb_section][et_pb_section fb_built=&#8221;1&#8243; _builder_version=&#8221;4.5.6&#8243; _module_preset=&#8221;default&#8221; background_color=&#8221;#021037&#8243; custom_padding=&#8221;9px||9px||true|&#8221;][et_pb_row _builder_version=&#8221;4.4.8&#8243; custom_padding=&#8221;8px||23px|||&#8221;][et_pb_column type=&#8221;4_4&#8243; _builder_version=&#8221;4.4.8&#8243;][et_pb_text _builder_version=&#8221;4.5.6&#8243; text_font=&#8221;Belgrano||||||||&#8221; text_text_color=&#8221;#ffffff&#8221; text_font_size=&#8221;35px&#8221; text_line_height=&#8221;1.8em&#8221; custom_margin=&#8221;20px||-2px|||&#8221; custom_padding=&#8221;||8px|||&#8221;]<\/p>\n<p style=\"text-align: left;\"><span>| ARTICLES : LITERATURE<\/span><\/p>\n<p>[\/et_pb_text][\/et_pb_column][\/et_pb_row][et_pb_row _builder_version=&#8221;4.5.6&#8243; _module_preset=&#8221;default&#8221; custom_padding=&#8221;3px||0px|||&#8221;][et_pb_column type=&#8221;4_4&#8243; _builder_version=&#8221;4.5.6&#8243; _module_preset=&#8221;default&#8221;][et_pb_blog posts_number=&#8221;1&#8243; include_categories=&#8221;47&#8243; excerpt_length=&#8221;150&#8243; show_more=&#8221;on&#8221; show_pagination=&#8221;off&#8221; _builder_version=&#8221;4.7.7&#8243; _module_preset=&#8221;default&#8221; header_font=&#8221;Belgrano||||||||&#8221; header_text_color=&#8221;#ffffff&#8221; header_font_size=&#8221;45px&#8221; header_line_height=&#8221;1.1em&#8221; body_font=&#8221;Poppins||||||||&#8221; body_text_align=&#8221;justify&#8221; body_text_color=&#8221;#ffffff&#8221; body_font_size=&#8221;15px&#8221; meta_font=&#8221;Poppins||||||||&#8221; meta_text_color=&#8221;#ffffff&#8221; meta_font_size=&#8221;20px&#8221; meta_line_height=&#8221;1.8em&#8221; read_more_font=&#8221;Poppins|600|||on|||#ffffff|&#8221; read_more_text_color=&#8221;#ffffff&#8221; read_more_font_size=&#8221;25px&#8221; read_more_line_height=&#8221;1.8em&#8221; pagination_font=&#8221;Poppins|600|||||||&#8221; pagination_font_size=&#8221;16px&#8221; custom_margin=&#8221;||-5px|||&#8221; animation_style=&#8221;fade&#8221;][\/et_pb_blog][\/et_pb_column][\/et_pb_row][\/et_pb_section][et_pb_section fb_built=&#8221;1&#8243; _builder_version=&#8221;4.5.6&#8243; _module_preset=&#8221;default&#8221; background_color=&#8221;#021037&#8243; custom_padding=&#8221;7px||11px|||&#8221;][et_pb_row _builder_version=&#8221;4.5.6&#8243; _module_preset=&#8221;default&#8221; custom_padding=&#8221;6px||21px|||&#8221;][et_pb_column type=&#8221;4_4&#8243; _builder_version=&#8221;4.5.6&#8243; _module_preset=&#8221;default&#8221;][et_pb_blog fullwidth=&#8221;off&#8221; posts_number=&#8221;30&#8243; include_categories=&#8221;47&#8243; use_manual_excerpt=&#8221;off&#8221; excerpt_length=&#8221;100&#8243; show_more=&#8221;on&#8221; show_categories=&#8221;off&#8221; show_excerpt=&#8221;off&#8221; offset_number=&#8221;1&#8243; _builder_version=&#8221;4.9.3&#8243; _module_preset=&#8221;default&#8221; header_font=&#8221;Belgrano|700|||||||&#8221; header_font_size=&#8221;20px&#8221; body_font=&#8221;Poppins||||||||&#8221; body_text_color=&#8221;#021037&#8243; body_font_size=&#8221;16px&#8221; read_more_font=&#8221;Poppins|600|||||||&#8221; read_more_text_color=&#8221;#ffffff&#8221; read_more_font_size=&#8221;15px&#8221; custom_padding=&#8221;10px|||||&#8221; hover_enabled=&#8221;0&#8243; sticky_enabled=&#8221;0&#8243;][\/et_pb_blog][\/et_pb_column][\/et_pb_row][\/et_pb_section][et_pb_section fb_built=&#8221;1&#8243; _builder_version=&#8221;4.6.6&#8243; _module_preset=&#8221;default&#8221; custom_padding=&#8221;21px||27px|||&#8221;][et_pb_row _builder_version=&#8221;4.6.6&#8243; _module_preset=&#8221;default&#8221; custom_padding=&#8221;13px|||||&#8221;][et_pb_column type=&#8221;4_4&#8243; _builder_version=&#8221;4.6.6&#8243; _module_preset=&#8221;default&#8221;][et_pb_text _builder_version=&#8221;4.6.6&#8243; text_font=&#8221;Belgrano||||||||&#8221; text_text_color=&#8221;#021037&#8243; text_font_size=&#8221;35px&#8221; text_line_height=&#8221;1.8em&#8221; custom_margin=&#8221;20px||-2px|||&#8221; custom_padding=&#8221;||8px|||&#8221;]<\/p>\n<p style=\"text-align: left;\"><span>| EUROPEAN READINGS<\/span><\/p>\n<p>[\/et_pb_text][et_pb_text _builder_version=&#8221;4.6.6&#8243; text_font=&#8221;Poppins|300|on|||on|||&#8221; text_text_color=&#8221;#021037&#8243; text_font_size=&#8221;25px&#8221; text_line_height=&#8221;1.8em&#8221; text_orientation=&#8221;justified&#8221; custom_margin=&#8221;-2px||-2px|||&#8221; custom_padding=&#8221;2px||24px|||&#8221;]<\/p>\n<p style=\"text-align: left;\"><span>By <a href=\"https:\/\/www.instagram.com\/booky_mary\/\" target=\"_blank\" rel=\"noopener noreferrer\">Booky Mary<\/a><\/span><\/p>\n<p>[\/et_pb_text][et_pb_blog fullwidth=&#8221;off&#8221; posts_number=&#8221;50&#8243; include_categories=&#8221;50&#8243; use_manual_excerpt=&#8221;off&#8221; excerpt_length=&#8221;100&#8243; show_more=&#8221;on&#8221; show_categories=&#8221;off&#8221; show_excerpt=&#8221;off&#8221; _builder_version=&#8221;4.9.3&#8243; _module_preset=&#8221;default&#8221; header_font=&#8221;Belgrano|700|||||||&#8221; header_font_size=&#8221;20px&#8221; body_font=&#8221;Poppins||||||||&#8221; body_text_color=&#8221;#021037&#8243; body_font_size=&#8221;16px&#8221; read_more_font=&#8221;Poppins|600|||||||&#8221; read_more_text_color=&#8221;#ffffff&#8221; read_more_font_size=&#8221;15px&#8221; custom_padding=&#8221;10px|||||&#8221; hover_enabled=&#8221;0&#8243; sticky_enabled=&#8221;0&#8243;][\/et_pb_blog][\/et_pb_column][\/et_pb_row][\/et_pb_section][et_pb_section fb_built=&#8221;1&#8243; _builder_version=&#8221;4.5.6&#8243; _module_preset=&#8221;default&#8221; background_color=&#8221;#021037&#8243; custom_padding=&#8221;10px||15px|||&#8221;][et_pb_row column_structure=&#8221;1_2,1_2&#8243; _builder_version=&#8221;4.5.6&#8243; _module_preset=&#8221;default&#8221; custom_margin=&#8221;|auto|1px|auto||&#8221; custom_padding=&#8221;4px||10px|||&#8221;][et_pb_column type=&#8221;1_2&#8243; _builder_version=&#8221;4.5.6&#8243; _module_preset=&#8221;default&#8221;][et_pb_signup provider=&#8221;sendinblue&#8221; sendinblue_list=&#8221;SendinBlue|4&#8243; title=&#8221;LA LETTRE MENSUELLE&#8221; button_text=&#8221;RECEVOIR&#8221; description=&#8221;<\/p>\n<p style=\"%22text-align:\" justify;%22>If you don't want to miss anything, you can subscribe to our newsletter, on a <em><span style=\"%22text-decoration:\" underline;%22>monthly basis<\/span><\/em>which is a recap of all content of the previous month. You can stop it at anytime.<br \/> In this newsletter, you will find some specific content about this field and will save time in your researches.<\/p>\n<p>&#8221; _builder_version=&#8221;4.5.7&#8243; _module_preset=&#8221;default&#8221; header_font=&#8221;Belgrano||||||||&#8221; header_font_size=&#8221;35px&#8221; body_font=&#8221;Poppins||||||||&#8221; custom_button=&#8221;on&#8221; button_text_color=&#8221;#ffffff&#8221; button_border_width=&#8221;3px&#8221; button_font=&#8221;Poppins||||||||&#8221; custom_margin=&#8221;-5px|||||&#8221; custom_padding=&#8221;7px|||||&#8221;][\/et_pb_signup][\/et_pb_column][et_pb_column type=&#8221;1_2&#8243; _builder_version=&#8221;4.5.6&#8243; _module_preset=&#8221;default&#8221; background_enable_image=&#8221;off&#8221;][et_pb_image src=&#8221;https:\/\/conservativenthusiast.com\/wp-content\/uploads\/2020\/08\/History-lettre-mensuelle-1.jpg&#8221; title_text=&#8221;History lettre mensuelle&#8221; _builder_version=&#8221;4.5.6&#8243; _module_preset=&#8221;default&#8221; width=&#8221;95%&#8221;][\/et_pb_image][\/et_pb_column][\/et_pb_row][\/et_pb_section]<\/p>","protected":false},"excerpt":{"rendered":"<p>| LA BIBLIOTH\u00c8QUE TCE| PAR TH\u00c8ME| PAR AUTEUR| LES ARTICLES : LITT\u00c9RATURE| LES LECTURES EUROP\u00c9ENNESPar Booky Mary<\/p>","protected":false},"author":1,"featured_media":872,"parent":0,"menu_order":0,"comment_status":"closed","ping_status":"closed","template":"","meta":{"_et_pb_use_builder":"on","_et_pb_old_content":"","_et_gb_content_width":"","_exactmetrics_skip_tracking":false,"_exactmetrics_sitenote_active":false,"_exactmetrics_sitenote_note":"","_exactmetrics_sitenote_category":0,"footnotes":""},"yoast_head":"<!-- This site is optimized with the Yoast SEO plugin v22.3 - https:\/\/yoast.com\/wordpress\/plugins\/seo\/ -->\n<title>LITT\u00c9RATURE - The Conservative Enthusiast<\/title>\n<meta name=\"description\" content=\"\u27bd La plateforme d&#039;actualit\u00e9, d&#039;information, de partage et d&#039;apprentissage des conservateurs.\" \/>\n<meta name=\"robots\" content=\"index, follow, max-snippet:-1, max-image-preview:large, max-video-preview:-1\" \/>\n<link rel=\"canonical\" href=\"https:\/\/conservativenthusiast.com\/en\/litterature\/\" \/>\n<meta property=\"og:locale\" content=\"en_GB\" \/>\n<meta property=\"og:type\" content=\"article\" \/>\n<meta property=\"og:title\" content=\"LITT\u00c9RATURE - The Conservative Enthusiast\" \/>\n<meta property=\"og:description\" content=\"\u27bd La plateforme d&#039;actualit\u00e9, d&#039;information, de partage et d&#039;apprentissage des conservateurs.\" \/>\n<meta property=\"og:url\" content=\"https:\/\/conservativenthusiast.com\/en\/litterature\/\" \/>\n<meta property=\"og:site_name\" content=\"The Conservative Enthusiast\" \/>\n<meta property=\"article:modified_time\" content=\"2021-04-04T15:18:03+00:00\" \/>\n<meta property=\"og:image\" content=\"https:\/\/conservativenthusiast.com\/wp-content\/uploads\/2020\/08\/devon-divine-Hzp-1ua8DVE-unsplash.jpg\" \/>\n\t<meta property=\"og:image:width\" content=\"2400\" \/>\n\t<meta property=\"og:image:height\" content=\"1602\" \/>\n\t<meta property=\"og:image:type\" content=\"image\/jpeg\" \/>\n<meta name=\"twitter:card\" content=\"summary_large_image\" \/>\n<meta name=\"twitter:label1\" content=\"Estimated reading time\" \/>\n\t<meta name=\"twitter:data1\" content=\"6 minutes\" \/>\n<script type=\"application\/ld+json\" class=\"yoast-schema-graph\">{\"@context\":\"https:\/\/schema.org\",\"@graph\":[{\"@type\":\"WebPage\",\"@id\":\"https:\/\/conservativenthusiast.com\/litterature\/\",\"url\":\"https:\/\/conservativenthusiast.com\/litterature\/\",\"name\":\"LITT\u00c9RATURE - The Conservative Enthusiast\",\"isPartOf\":{\"@id\":\"https:\/\/conservativenthusiast.com\/#website\"},\"primaryImageOfPage\":{\"@id\":\"https:\/\/conservativenthusiast.com\/litterature\/#primaryimage\"},\"image\":{\"@id\":\"https:\/\/conservativenthusiast.com\/litterature\/#primaryimage\"},\"thumbnailUrl\":\"https:\/\/conservativenthusiast.com\/wp-content\/uploads\/2020\/08\/devon-divine-Hzp-1ua8DVE-unsplash.jpg\",\"datePublished\":\"2020-08-19T13:50:36+00:00\",\"dateModified\":\"2021-04-04T15:18:03+00:00\",\"description\":\"\u27bd La plateforme d'actualit\u00e9, d'information, de partage et d'apprentissage des conservateurs.\",\"breadcrumb\":{\"@id\":\"https:\/\/conservativenthusiast.com\/litterature\/#breadcrumb\"},\"inLanguage\":\"en-GB\",\"potentialAction\":[{\"@type\":\"ReadAction\",\"target\":[\"https:\/\/conservativenthusiast.com\/litterature\/\"]}]},{\"@type\":\"ImageObject\",\"inLanguage\":\"en-GB\",\"@id\":\"https:\/\/conservativenthusiast.com\/litterature\/#primaryimage\",\"url\":\"https:\/\/conservativenthusiast.com\/wp-content\/uploads\/2020\/08\/devon-divine-Hzp-1ua8DVE-unsplash.jpg\",\"contentUrl\":\"https:\/\/conservativenthusiast.com\/wp-content\/uploads\/2020\/08\/devon-divine-Hzp-1ua8DVE-unsplash.jpg\",\"width\":2400,\"height\":1602},{\"@type\":\"BreadcrumbList\",\"@id\":\"https:\/\/conservativenthusiast.com\/litterature\/#breadcrumb\",\"itemListElement\":[{\"@type\":\"ListItem\",\"position\":1,\"name\":\"Accueil\",\"item\":\"https:\/\/conservativenthusiast.com\/\"},{\"@type\":\"ListItem\",\"position\":2,\"name\":\"LITT\u00c9RATURE\"}]},{\"@type\":\"WebSite\",\"@id\":\"https:\/\/conservativenthusiast.com\/#website\",\"url\":\"https:\/\/conservativenthusiast.com\/\",\"name\":\"The Conservative Enthusiast\",\"description\":\"La plateforme de r\u00e9information, de partage et d&#039;apprentissage des conservateurs.\",\"publisher\":{\"@id\":\"https:\/\/conservativenthusiast.com\/#organization\"},\"potentialAction\":[{\"@type\":\"SearchAction\",\"target\":{\"@type\":\"EntryPoint\",\"urlTemplate\":\"https:\/\/conservativenthusiast.com\/?s={search_term_string}\"},\"query-input\":\"required name=search_term_string\"}],\"inLanguage\":\"en-GB\"},{\"@type\":\"Organization\",\"@id\":\"https:\/\/conservativenthusiast.com\/#organization\",\"name\":\"The Conservative Enthusiast\",\"url\":\"https:\/\/conservativenthusiast.com\/\",\"logo\":{\"@type\":\"ImageObject\",\"inLanguage\":\"en-GB\",\"@id\":\"https:\/\/conservativenthusiast.com\/#\/schema\/logo\/image\/\",\"url\":\"https:\/\/i0.wp.com\/conservativeenthusiast.com\/wp-content\/uploads\/2020\/06\/LOGO-CE-MINI.png?fit=3867%2C1180&ssl=1\",\"contentUrl\":\"https:\/\/i0.wp.com\/conservativeenthusiast.com\/wp-content\/uploads\/2020\/06\/LOGO-CE-MINI.png?fit=3867%2C1180&ssl=1\",\"width\":3867,\"height\":1180,\"caption\":\"The Conservative Enthusiast\"},\"image\":{\"@id\":\"https:\/\/conservativenthusiast.com\/#\/schema\/logo\/image\/\"}}]}<\/script>\n<!-- \/ Yoast SEO plugin. -->","yoast_head_json":{"title":"LITT\u00c9RATURE - The Conservative Enthusiast","description":"\u27bd La plateforme d'actualit\u00e9, d'information, de partage et d'apprentissage des conservateurs.","robots":{"index":"index","follow":"follow","max-snippet":"max-snippet:-1","max-image-preview":"max-image-preview:large","max-video-preview":"max-video-preview:-1"},"canonical":"https:\/\/conservativenthusiast.com\/en\/litterature\/","og_locale":"en_GB","og_type":"article","og_title":"LITT\u00c9RATURE - The Conservative Enthusiast","og_description":"\u27bd La plateforme d'actualit\u00e9, d'information, de partage et d'apprentissage des conservateurs.","og_url":"https:\/\/conservativenthusiast.com\/en\/litterature\/","og_site_name":"The Conservative Enthusiast","article_modified_time":"2021-04-04T15:18:03+00:00","og_image":[{"width":2400,"height":1602,"url":"https:\/\/conservativenthusiast.com\/wp-content\/uploads\/2020\/08\/devon-divine-Hzp-1ua8DVE-unsplash.jpg","type":"image\/jpeg"}],"twitter_card":"summary_large_image","twitter_misc":{"Estimated reading time":"6 minutes"},"schema":{"@context":"https:\/\/schema.org","@graph":[{"@type":"WebPage","@id":"https:\/\/conservativenthusiast.com\/litterature\/","url":"https:\/\/conservativenthusiast.com\/litterature\/","name":"LITT\u00c9RATURE - The Conservative Enthusiast","isPartOf":{"@id":"https:\/\/conservativenthusiast.com\/#website"},"primaryImageOfPage":{"@id":"https:\/\/conservativenthusiast.com\/litterature\/#primaryimage"},"image":{"@id":"https:\/\/conservativenthusiast.com\/litterature\/#primaryimage"},"thumbnailUrl":"https:\/\/conservativenthusiast.com\/wp-content\/uploads\/2020\/08\/devon-divine-Hzp-1ua8DVE-unsplash.jpg","datePublished":"2020-08-19T13:50:36+00:00","dateModified":"2021-04-04T15:18:03+00:00","description":"\u27bd La plateforme d'actualit\u00e9, d'information, de partage et d'apprentissage des conservateurs.","breadcrumb":{"@id":"https:\/\/conservativenthusiast.com\/litterature\/#breadcrumb"},"inLanguage":"en-GB","potentialAction":[{"@type":"ReadAction","target":["https:\/\/conservativenthusiast.com\/litterature\/"]}]},{"@type":"ImageObject","inLanguage":"en-GB","@id":"https:\/\/conservativenthusiast.com\/litterature\/#primaryimage","url":"https:\/\/conservativenthusiast.com\/wp-content\/uploads\/2020\/08\/devon-divine-Hzp-1ua8DVE-unsplash.jpg","contentUrl":"https:\/\/conservativenthusiast.com\/wp-content\/uploads\/2020\/08\/devon-divine-Hzp-1ua8DVE-unsplash.jpg","width":2400,"height":1602},{"@type":"BreadcrumbList","@id":"https:\/\/conservativenthusiast.com\/litterature\/#breadcrumb","itemListElement":[{"@type":"ListItem","position":1,"name":"Accueil","item":"https:\/\/conservativenthusiast.com\/"},{"@type":"ListItem","position":2,"name":"LITT\u00c9RATURE"}]},{"@type":"WebSite","@id":"https:\/\/conservativenthusiast.com\/#website","url":"https:\/\/conservativenthusiast.com\/","name":"The Conservative Enthusiast","description":"La plateforme de r\u00e9information, de partage et d&#039;apprentissage des conservateurs.","publisher":{"@id":"https:\/\/conservativenthusiast.com\/#organization"},"potentialAction":[{"@type":"SearchAction","target":{"@type":"EntryPoint","urlTemplate":"https:\/\/conservativenthusiast.com\/?s={search_term_string}"},"query-input":"required name=search_term_string"}],"inLanguage":"en-GB"},{"@type":"Organization","@id":"https:\/\/conservativenthusiast.com\/#organization","name":"The Conservative Enthusiast","url":"https:\/\/conservativenthusiast.com\/","logo":{"@type":"ImageObject","inLanguage":"en-GB","@id":"https:\/\/conservativenthusiast.com\/#\/schema\/logo\/image\/","url":"https:\/\/i0.wp.com\/conservativeenthusiast.com\/wp-content\/uploads\/2020\/06\/LOGO-CE-MINI.png?fit=3867%2C1180&ssl=1","contentUrl":"https:\/\/i0.wp.com\/conservativeenthusiast.com\/wp-content\/uploads\/2020\/06\/LOGO-CE-MINI.png?fit=3867%2C1180&ssl=1","width":3867,"height":1180,"caption":"The Conservative Enthusiast"},"image":{"@id":"https:\/\/conservativenthusiast.com\/#\/schema\/logo\/image\/"}}]}},"_links":{"self":[{"href":"https:\/\/conservativenthusiast.com\/en\/wp-json\/wp\/v2\/pages\/864"}],"collection":[{"href":"https:\/\/conservativenthusiast.com\/en\/wp-json\/wp\/v2\/pages"}],"about":[{"href":"https:\/\/conservativenthusiast.com\/en\/wp-json\/wp\/v2\/types\/page"}],"author":[{"embeddable":true,"href":"https:\/\/conservativenthusiast.com\/en\/wp-json\/wp\/v2\/users\/1"}],"replies":[{"embeddable":true,"href":"https:\/\/conservativenthusiast.com\/en\/wp-json\/wp\/v2\/comments?post=864"}],"version-history":[{"count":53,"href":"https:\/\/conservativenthusiast.com\/en\/wp-json\/wp\/v2\/pages\/864\/revisions"}],"predecessor-version":[{"id":19331,"href":"https:\/\/conservativenthusiast.com\/en\/wp-json\/wp\/v2\/pages\/864\/revisions\/19331"}],"wp:featuredmedia":[{"embeddable":true,"href":"https:\/\/conservativenthusiast.com\/en\/wp-json\/wp\/v2\/media\/872"}],"wp:attachment":[{"href":"https:\/\/conservativenthusiast.com\/en\/wp-json\/wp\/v2\/media?parent=864"}],"curies":[{"name":"wp","href":"https:\/\/api.w.org\/{rel}","templated":true}]}}