{"id":565,"date":"2020-08-11T18:58:53","date_gmt":"2020-08-11T16:58:53","guid":{"rendered":"https:\/\/conservativeenthusiast.com\/?page_id=565"},"modified":"2023-04-16T17:46:51","modified_gmt":"2023-04-16T15:46:51","slug":"nous-soutenir","status":"publish","type":"page","link":"https:\/\/conservativenthusiast.com\/en\/nous-soutenir\/","title":{"rendered":"SUPPORT US"},"content":{"rendered":"<p>[et_pb_section fb_built=&#8221;1&#8243; fullwidth=&#8221;on&#8221; _builder_version=&#8221;4.16&#8243; _module_preset=&#8221;default&#8221; background_image=&#8221;https:\/\/conservativenthusiast.com\/wp-content\/uploads\/2020\/08\/HISTORY-BANNER.jpg&#8221; global_colors_info=&#8221;{}&#8221;][et_pb_fullwidth_header title=&#8221;NOUS SOUTENIR&#8221; button_one_text=&#8221;Clics&#8221; _builder_version=&#8221;4.16&#8243; _module_preset=&#8221;default&#8221; title_font=&#8221;Belgrano||||||||&#8221; title_text_align=&#8221;left&#8221; title_font_size=&#8221;50px&#8221; content_font=&#8221;Poppins||||||||&#8221; content_text_align=&#8221;justify&#8221; content_font_size=&#8221;15px&#8221; background_image=&#8221;https:\/\/conservativenthusiast.com\/wp-content\/uploads\/2020\/09\/NOUS-SOUTENIR.jpg&#8221; parallax=&#8221;on&#8221; custom_button_one=&#8221;on&#8221; button_one_text_size=&#8221;0px&#8221; button_one_border_width=&#8221;0px&#8221; global_colors_info=&#8221;{}&#8221;]<\/p>\n<p>Become a TCE Member or a donator, to help us remain independent, transparent and at your service.<\/p>\n<p>[\/et_pb_fullwidth_header][\/et_pb_section][et_pb_section fb_built=&#8221;1&#8243; _builder_version=&#8221;4.16&#8243; _module_preset=&#8221;default&#8221; custom_padding=&#8221;40px||40px|||&#8221; global_colors_info=&#8221;{}&#8221;][et_pb_row _builder_version=&#8221;4.16&#8243; _module_preset=&#8221;default&#8221; global_colors_info=&#8221;{}&#8221;][et_pb_column type=&#8221;4_4&#8243; _builder_version=&#8221;4.16&#8243; _module_preset=&#8221;default&#8221; global_colors_info=&#8221;{}&#8221;][et_pb_text _builder_version=&#8221;4.16&#8243; _module_preset=&#8221;default&#8221; text_font=&#8221;Poppins||||||||&#8221; text_text_color=&#8221;#000000&#8243; text_font_size=&#8221;18px&#8221; text_orientation=&#8221;justified&#8221; custom_margin=&#8221;|||-28px||&#8221; custom_padding=&#8221;||0px|30px||&#8221; global_colors_info=&#8221;{}&#8221;]<\/p>\n<p style=\"text-align: center;\">The Conservative Enthusiast, comme vous le savez peut-\u00eatre, est un m\u00e9dia ind\u00e9pendant, non-subventionn\u00e9, totalement transparent et qui s&#8217;efforce de vous informer, r\u00e9informer et vous former.<\/p>\n<p style=\"text-align: center;\">Pour rester ind\u00e9pendant, ne pas \u00eatre soumis \u00e0 des pressions ext\u00e9rieures, ne tomber dans aucun conflit d&#8217;int\u00e9r\u00eat et surtout pour nous permettre de produire un contenu de qualit\u00e9, avec du mat\u00e9riel correct et pouvoir d\u00e9frayer voire r\u00e9mun\u00e9rer les membres de l&#8217;\u00e9quipe qui sont b\u00e9n\u00e9voles, <strong>for that we can only count on your help.<\/strong><\/p>\n<p style=\"text-align: center;\"><strong>Chaque petite pierre \u00e0 l&#8217;\u00e9difice nous permettra de tenir plus solidement et de b\u00e2tir quelque chose de durable.<\/strong><\/p>\n<p style=\"text-align: center;\"><strong>And a very small donation from you often means<br \/>a huge help for us.<\/strong><\/p>\n<p style=\"text-align: center;\">Therefore, if you want to support us, the first step is of course to <strong><a href=\"https:\/\/conservativenthusiast.com\/en\/inscription-the-conservative-enthusiast\/\">subscribe to our membership<\/a><\/strong>, that will allow you to become a <strong>TCE Member<\/strong> et acc\u00e9der \u00e0 du contenu premium. Si vous \u00eates d\u00e9j\u00e0 membre ou que vous souhaitez juste nous faire un don libre , alors nous vous invitons \u00e0 le faire simplement via notre compte <strong><span style=\"color: #3366ff;\"><a href=\"https:\/\/www.paypal.com\/donate\/?hosted_button_id=4P5XD979CZ3A2\" style=\"color: #3366ff;\">Paypal<\/a><\/span><\/strong> ou si vous \u00eates plut\u00f4t amateur des plateformes de dons, vous pouvez visiter notre page<a href=\"https:\/\/fr.tipeee.com\/the-conservative-enthusiast\/\" target=\"_blank\" rel=\"noopener noreferrer\"><span style=\"text-decoration: underline; color: #ff0000;\"><strong> Tipeee<\/strong><\/span><\/a>\u00a0or<span style=\"text-decoration: underline;\"><strong><span style=\"color: #ff0000;\"><a href=\"https:\/\/www.patreon.com\/conservativeenthusiast\" style=\"color: #ff0000; text-decoration: underline;\"> Patreon<\/a> <\/span><\/strong><\/span>by clicking the logos below.<\/p>\n<p style=\"text-align: center;\">You will find all the details about donations, our expenses and our goals.<\/p>\n<p>[\/et_pb_text][\/et_pb_column][\/et_pb_row][et_pb_row column_structure=&#8221;1_2,1_2&#8243; _builder_version=&#8221;4.16&#8243; _module_preset=&#8221;default&#8221; global_colors_info=&#8221;{}&#8221;][et_pb_column type=&#8221;1_2&#8243; _builder_version=&#8221;4.16&#8243; _module_preset=&#8221;default&#8221; global_colors_info=&#8221;{}&#8221;][et_pb_image src=&#8221;https:\/\/conservativenthusiast.com\/wp-content\/uploads\/2020\/09\/TIPEEE-CONSERVATIVE-ENTHUSIAST.png&#8221; title_text=&#8221;TIPEEE CONSERVATIVE ENTHUSIAST&#8221; url=&#8221;https:\/\/fr.tipeee.com\/the-conservative-enthusiast\/&#8221; align=&#8221;center&#8221; _builder_version=&#8221;4.16&#8243; _module_preset=&#8221;default&#8221; width=&#8221;85%&#8221; max_width=&#8221;85%&#8221; module_alignment=&#8221;center&#8221; custom_margin=&#8221;50px||||false|false&#8221; global_colors_info=&#8221;{}&#8221;][\/et_pb_image][\/et_pb_column][et_pb_column type=&#8221;1_2&#8243; _builder_version=&#8221;4.16&#8243; _module_preset=&#8221;default&#8221; global_colors_info=&#8221;{}&#8221;][et_pb_image src=&#8221;https:\/\/conservativenthusiast.com\/wp-content\/uploads\/2021\/01\/Patreon.jpg&#8221; title_text=&#8221;Patreon&#8221; url=&#8221;https:\/\/www.patreon.com\/conservativeenthusiast&#8221; _builder_version=&#8221;4.16&#8243; _module_preset=&#8221;default&#8221; global_colors_info=&#8221;{}&#8221;][\/et_pb_image][\/et_pb_column][\/et_pb_row][et_pb_row _builder_version=&#8221;4.20.4&#8243; _module_preset=&#8221;default&#8221; custom_padding=&#8221;5px||3px|||&#8221; hover_enabled=&#8221;0&#8243; global_colors_info=&#8221;{}&#8221; disabled_on=&#8221;on|on|on&#8221; disabled=&#8221;on&#8221; sticky_enabled=&#8221;0&#8243;][et_pb_column type=&#8221;4_4&#8243; _builder_version=&#8221;4.16&#8243; _module_preset=&#8221;default&#8221; global_colors_info=&#8221;{}&#8221;][et_pb_text _builder_version=&#8221;4.16&#8243; _module_preset=&#8221;default&#8221; text_font=&#8221;Belgrano||||||||&#8221; text_text_color=&#8221;#021037&#8243; text_font_size=&#8221;40px&#8221; text_line_height=&#8221;1.8em&#8221; module_alignment=&#8221;center&#8221; custom_margin=&#8221;||19px|||&#8221; text_font_size_tablet=&#8221;&#8221; text_font_size_phone=&#8221;40px&#8221; text_font_size_last_edited=&#8221;on|phone&#8221; global_colors_info=&#8221;{}&#8221;]<\/p>\n<p style=\"text-align: center;\">OUR FIRST GOAL : 800\u20ac\/MONTH<\/p>\n<p>[\/et_pb_text][\/et_pb_column][\/et_pb_row][et_pb_row column_structure=&#8221;2_3,1_3&#8243; _builder_version=&#8221;4.20.4&#8243; _module_preset=&#8221;default&#8221; hover_enabled=&#8221;0&#8243; global_colors_info=&#8221;{}&#8221; disabled_on=&#8221;on|on|on&#8221; disabled=&#8221;on&#8221; sticky_enabled=&#8221;0&#8243;][et_pb_column type=&#8221;2_3&#8243; _builder_version=&#8221;4.16&#8243; _module_preset=&#8221;default&#8221; global_colors_info=&#8221;{}&#8221;][et_pb_text _builder_version=&#8221;4.16&#8243; _module_preset=&#8221;default&#8221; global_colors_info=&#8221;{}&#8221;]<\/p>\n<p style=\"text-align: justify;\"><span style=\"color: #000000;\">Nous souhaitons \u00eatre totalement transparents : nous avons investi dans ce projet un peu plus de 4000\u20ac de notre poche. En terme de temps, nous avons passer environ 8 mois \u00e0 la cr\u00e9ation totale et la mise en ligne du m\u00e9dia, \u00e0 hauteur d&#8217;environ 40 heures de travail par semaine.<\/span><\/p>\n<p><span style=\"color: #000000;\">This includes:<\/span><br \/> <span style=\"color: #000000;\"> - The development of our website (hosting, softwares, webdesign, coding, etc...)<\/span><br \/> <span style=\"color: #000000;\"> - The video and audio equipment (camera, microphone, spotlights, etc...)<\/span><br \/> <span style=\"color: #000000;\"> - The freelances (video editors, graphic designers, voice-over professionnals etc...)<\/span><br \/> <span style=\"color: #000000;\"> - The trainings (writing, blogging, emailing etc...)<\/span><br \/> <span style=\"color: #000000;\"> - Advertising &amp; marketing (Facebook Ads, Instagram Ads, Youtube Ads, Google Ads etc...)<\/span><\/p>\n<p style=\"text-align: justify;\"><span style=\"color: #000000;\">Nous avons pris grand soin dans l&#8217;investissement de notre bugdet pour obtenir la meilleure qualit\u00e9 possible au prix juste.<\/span><\/p>\n<p style=\"text-align: justify;\"><span style=\"color: #000000;\">We manage this project completely on a voluntary basis and on our free time. We do our best to remain totally independent, honest and close to our community.<\/span><\/p>\n<p style=\"text-align: justify;\"><span style=\"color: #000000;\">C&#8217;est pourquoi, nous avons besoin de vous pour rentrer dans nos frais et passer \u00e0 la vitesse sup\u00e9rieure. Nous rembourser de notre premier investissement et ne pas travailler \u00e0 perte serait d\u00e9j\u00e0 une grande \u00e9tape franchie. Cela nous permettrait d&#8217;acc\u00e9l\u00e9rer le d\u00e9veloppement du m\u00e9dia et lui donner une dimension professionnelle.<\/span><\/p>\n<p>[\/et_pb_text][\/et_pb_column][et_pb_column type=&#8221;1_3&#8243; _builder_version=&#8221;4.16&#8243; _module_preset=&#8221;default&#8221; custom_padding=&#8221;60px||||false|false&#8221; global_colors_info=&#8221;{}&#8221;][et_pb_circle_counter title=&#8221;Progression vers l&#8217;objectif&#8221; number=&#8221;52&#8243; _builder_version=&#8221;4.16&#8243; _module_preset=&#8221;default&#8221; title_font=&#8221;Belgrano||||||||&#8221; title_text_align=&#8221;center&#8221; title_font_size=&#8221;26px&#8221; number_text_color=&#8221;#000000&#8243; number_font_size=&#8221;50px&#8221; custom_margin=&#8221;|auto|30px|auto|false|false&#8221; global_colors_info=&#8221;{}&#8221;][\/et_pb_circle_counter][\/et_pb_column][\/et_pb_row][et_pb_row _builder_version=&#8221;4.16&#8243; _module_preset=&#8221;default&#8221; global_colors_info=&#8221;{}&#8221;][et_pb_column type=&#8221;4_4&#8243; _builder_version=&#8221;4.16&#8243; _module_preset=&#8221;default&#8221; global_colors_info=&#8221;{}&#8221;][et_pb_text _builder_version=&#8221;4.16&#8243; _module_preset=&#8221;default&#8221; text_font=&#8221;Belgrano||||||||&#8221; text_text_color=&#8221;#021037&#8243; text_font_size=&#8221;40px&#8221; text_line_height=&#8221;1.8em&#8221; module_alignment=&#8221;center&#8221; text_font_size_tablet=&#8221;&#8221; text_font_size_phone=&#8221;40px&#8221; text_font_size_last_edited=&#8221;on|phone&#8221; global_colors_info=&#8221;{}&#8221;]<\/p>\n<p style=\"text-align: center;\">FOLLOW US ON OUR SOCIAL NETWORKS<\/p>\n<p>[\/et_pb_text][\/et_pb_column][\/et_pb_row][et_pb_row _builder_version=&#8221;4.16&#8243; _module_preset=&#8221;default&#8221; global_colors_info=&#8221;{}&#8221;][et_pb_column type=&#8221;4_4&#8243; _builder_version=&#8221;4.16&#8243; _module_preset=&#8221;default&#8221; global_colors_info=&#8221;{}&#8221;][et_pb_text _builder_version=&#8221;4.16&#8243; _module_preset=&#8221;default&#8221; text_font=&#8221;Poppins||||||||&#8221; text_text_color=&#8221;#000000&#8243; text_font_size=&#8221;18px&#8221; text_orientation=&#8221;justified&#8221; custom_margin=&#8221;|||-10px||&#8221; custom_padding=&#8221;||0px|||&#8221; global_colors_info=&#8221;{}&#8221;]<\/p>\n<p style=\"text-align: center;\">En parall\u00e8le de votre potentiel don, une autre fa\u00e7on de nous aider qui pourra \u00e9galement nous permettre d&#8217;avoir plus d&#8217;impact et de permettre \u00e0 plus de personnes de nous d\u00e9couvrir, <strong>is by simply following us on our social networks<\/strong>. N&#8217;attendez donc plus si ce n&#8217;est pas d\u00e9j\u00e0 fait, rejoignez nous sur Facebook, Instagram et Youtube.<\/p>\n<p>[\/et_pb_text][et_pb_social_media_follow _builder_version=&#8221;4.16&#8243; text_orientation=&#8221;center&#8221; width=&#8221;100%&#8221; module_alignment=&#8221;center&#8221; border_radii=&#8221;on|40px|40px|40px|40px&#8221; global_colors_info=&#8221;{}&#8221;][et_pb_social_media_follow_network social_network=&#8221;facebook&#8221; url=&#8221;https:\/\/www.facebook.com\/conservativeenthusiast&#8221; use_icon_font_size=&#8221;on&#8221; icon_font_size=&#8221;60px&#8221; _builder_version=&#8221;4.16&#8243; background_color=&#8221;#021037&#8243; background_enable_color=&#8221;on&#8221; custom_margin=&#8221;|9px||9px||true&#8221; custom_padding=&#8221;6px|6px|6px|6px|true|true&#8221; box_shadow_style=&#8221;preset1&#8243; box_shadow_blur=&#8221;0px&#8221; box_shadow_color=&#8221;#021037&#8243; global_colors_info=&#8221;{}&#8221; box_shadow_spread__hover_enabled=&#8221;on|desktop&#8221; box_shadow_blur__hover_enabled=&#8221;off|desktop&#8221; follow_button=&#8221;off&#8221; url_new_window=&#8221;on&#8221;]facebook[\/et_pb_social_media_follow_network][et_pb_social_media_follow_network social_network=&#8221;instagram&#8221; url=&#8221;https:\/\/www.instagram.com\/conservativeenthusiast\/?hl=fr&#8221; use_icon_font_size=&#8221;on&#8221; icon_font_size=&#8221;60px&#8221; _builder_version=&#8221;4.16&#8243; background_color=&#8221;#021037&#8243; background_enable_color=&#8221;on&#8221; custom_margin=&#8221;|9px||9px||true&#8221; custom_padding=&#8221;6px|6px|6px|6px|true|true&#8221; box_shadow_style=&#8221;preset1&#8243; box_shadow_vertical=&#8221;0px&#8221; box_shadow_blur=&#8221;0px&#8221; box_shadow_color=&#8221;#021037&#8243; global_colors_info=&#8221;{}&#8221; box_shadow_spread__hover_enabled=&#8221;on|desktop&#8221; follow_button=&#8221;off&#8221; url_new_window=&#8221;on&#8221;]instagram[\/et_pb_social_media_follow_network][et_pb_social_media_follow_network social_network=&#8221;youtube&#8221; url=&#8221;https:\/\/www.youtube.com\/channel\/UC8weH_Ql8w1NrBbcj8G_EKQ?view_as=subscriber&#8221; use_icon_font_size=&#8221;on&#8221; icon_font_size=&#8221;60px&#8221; _builder_version=&#8221;4.16&#8243; background_color=&#8221;#021037&#8243; background_enable_color=&#8221;on&#8221; custom_margin=&#8221;|9px||9px||true&#8221; custom_padding=&#8221;6px|6px|6px|6px|true|true&#8221; box_shadow_style=&#8221;preset1&#8243; box_shadow_vertical=&#8221;0px&#8221; box_shadow_blur=&#8221;0px&#8221; box_shadow_color=&#8221;#021037&#8243; global_colors_info=&#8221;{}&#8221; box_shadow_spread__hover_enabled=&#8221;on|desktop&#8221; follow_button=&#8221;off&#8221; url_new_window=&#8221;on&#8221;]youtube[\/et_pb_social_media_follow_network][\/et_pb_social_media_follow][\/et_pb_column][\/et_pb_row][\/et_pb_section]<\/p>","protected":false},"excerpt":{"rendered":"<p>Devenez contributeur et aidez nous \u00e0 rester ind\u00e9pendant, transparent et \u00e0 votre service.The Conservative Enthusiast, comme vous le savez peut-\u00eatre, [&hellip;]<\/p>","protected":false},"author":1,"featured_media":0,"parent":0,"menu_order":0,"comment_status":"closed","ping_status":"closed","template":"","meta":{"_et_pb_use_builder":"on","_et_pb_old_content":"","_et_gb_content_width":"","_exactmetrics_skip_tracking":false,"_exactmetrics_sitenote_active":false,"_exactmetrics_sitenote_note":"","_exactmetrics_sitenote_category":0,"footnotes":""},"yoast_head":"<!-- This site is optimized with the Yoast SEO plugin v22.3 - https:\/\/yoast.com\/wordpress\/plugins\/seo\/ -->\n<title>NOUS SOUTENIR - The Conservative Enthusiast<\/title>\n<meta name=\"description\" content=\"\u27bd Cliquez ici pour d\u00e9couvrir comment soutenir The Conservative Enthusiast : La plateforme de partage et d&#039;apprentissage des conservateurs.\" \/>\n<meta name=\"robots\" content=\"index, follow, max-snippet:-1, max-image-preview:large, max-video-preview:-1\" \/>\n<link rel=\"canonical\" href=\"https:\/\/conservativenthusiast.com\/en\/nous-soutenir\/\" \/>\n<meta property=\"og:locale\" content=\"en_GB\" \/>\n<meta property=\"og:type\" content=\"article\" \/>\n<meta property=\"og:title\" content=\"NOUS SOUTENIR - The Conservative Enthusiast\" \/>\n<meta property=\"og:description\" content=\"\u27bd Cliquez ici pour d\u00e9couvrir comment soutenir The Conservative Enthusiast : La plateforme de partage et d&#039;apprentissage des conservateurs.\" \/>\n<meta property=\"og:url\" content=\"https:\/\/conservativenthusiast.com\/en\/nous-soutenir\/\" \/>\n<meta property=\"og:site_name\" content=\"The Conservative Enthusiast\" \/>\n<meta property=\"article:modified_time\" content=\"2023-04-16T15:46:51+00:00\" \/>\n<meta name=\"twitter:card\" content=\"summary_large_image\" \/>\n<meta name=\"twitter:label1\" content=\"Estimated reading time\" \/>\n\t<meta name=\"twitter:data1\" content=\"7 minutes\" \/>\n<script type=\"application\/ld+json\" class=\"yoast-schema-graph\">{\"@context\":\"https:\/\/schema.org\",\"@graph\":[{\"@type\":\"WebPage\",\"@id\":\"https:\/\/conservativenthusiast.com\/nous-soutenir\/\",\"url\":\"https:\/\/conservativenthusiast.com\/nous-soutenir\/\",\"name\":\"NOUS SOUTENIR - The Conservative Enthusiast\",\"isPartOf\":{\"@id\":\"https:\/\/conservativenthusiast.com\/#website\"},\"datePublished\":\"2020-08-11T16:58:53+00:00\",\"dateModified\":\"2023-04-16T15:46:51+00:00\",\"description\":\"\u27bd Cliquez ici pour d\u00e9couvrir comment soutenir The Conservative Enthusiast : La plateforme de partage et d'apprentissage des conservateurs.\",\"breadcrumb\":{\"@id\":\"https:\/\/conservativenthusiast.com\/nous-soutenir\/#breadcrumb\"},\"inLanguage\":\"en-GB\",\"potentialAction\":[{\"@type\":\"ReadAction\",\"target\":[\"https:\/\/conservativenthusiast.com\/nous-soutenir\/\"]}]},{\"@type\":\"BreadcrumbList\",\"@id\":\"https:\/\/conservativenthusiast.com\/nous-soutenir\/#breadcrumb\",\"itemListElement\":[{\"@type\":\"ListItem\",\"position\":1,\"name\":\"Accueil\",\"item\":\"https:\/\/conservativenthusiast.com\/\"},{\"@type\":\"ListItem\",\"position\":2,\"name\":\"NOUS SOUTENIR\"}]},{\"@type\":\"WebSite\",\"@id\":\"https:\/\/conservativenthusiast.com\/#website\",\"url\":\"https:\/\/conservativenthusiast.com\/\",\"name\":\"The Conservative Enthusiast\",\"description\":\"La plateforme de r\u00e9information, de partage et d&#039;apprentissage des conservateurs.\",\"publisher\":{\"@id\":\"https:\/\/conservativenthusiast.com\/#organization\"},\"potentialAction\":[{\"@type\":\"SearchAction\",\"target\":{\"@type\":\"EntryPoint\",\"urlTemplate\":\"https:\/\/conservativenthusiast.com\/?s={search_term_string}\"},\"query-input\":\"required name=search_term_string\"}],\"inLanguage\":\"en-GB\"},{\"@type\":\"Organization\",\"@id\":\"https:\/\/conservativenthusiast.com\/#organization\",\"name\":\"The Conservative Enthusiast\",\"url\":\"https:\/\/conservativenthusiast.com\/\",\"logo\":{\"@type\":\"ImageObject\",\"inLanguage\":\"en-GB\",\"@id\":\"https:\/\/conservativenthusiast.com\/#\/schema\/logo\/image\/\",\"url\":\"https:\/\/i0.wp.com\/conservativeenthusiast.com\/wp-content\/uploads\/2020\/06\/LOGO-CE-MINI.png?fit=3867%2C1180&ssl=1\",\"contentUrl\":\"https:\/\/i0.wp.com\/conservativeenthusiast.com\/wp-content\/uploads\/2020\/06\/LOGO-CE-MINI.png?fit=3867%2C1180&ssl=1\",\"width\":3867,\"height\":1180,\"caption\":\"The Conservative Enthusiast\"},\"image\":{\"@id\":\"https:\/\/conservativenthusiast.com\/#\/schema\/logo\/image\/\"}}]}<\/script>\n<!-- \/ Yoast SEO plugin. -->","yoast_head_json":{"title":"NOUS SOUTENIR - The Conservative Enthusiast","description":"\u27bd Cliquez ici pour d\u00e9couvrir comment soutenir The Conservative Enthusiast : La plateforme de partage et d'apprentissage des conservateurs.","robots":{"index":"index","follow":"follow","max-snippet":"max-snippet:-1","max-image-preview":"max-image-preview:large","max-video-preview":"max-video-preview:-1"},"canonical":"https:\/\/conservativenthusiast.com\/en\/nous-soutenir\/","og_locale":"en_GB","og_type":"article","og_title":"NOUS SOUTENIR - The Conservative Enthusiast","og_description":"\u27bd Cliquez ici pour d\u00e9couvrir comment soutenir The Conservative Enthusiast : La plateforme de partage et d'apprentissage des conservateurs.","og_url":"https:\/\/conservativenthusiast.com\/en\/nous-soutenir\/","og_site_name":"The Conservative Enthusiast","article_modified_time":"2023-04-16T15:46:51+00:00","twitter_card":"summary_large_image","twitter_misc":{"Estimated reading time":"7 minutes"},"schema":{"@context":"https:\/\/schema.org","@graph":[{"@type":"WebPage","@id":"https:\/\/conservativenthusiast.com\/nous-soutenir\/","url":"https:\/\/conservativenthusiast.com\/nous-soutenir\/","name":"NOUS SOUTENIR - The Conservative Enthusiast","isPartOf":{"@id":"https:\/\/conservativenthusiast.com\/#website"},"datePublished":"2020-08-11T16:58:53+00:00","dateModified":"2023-04-16T15:46:51+00:00","description":"\u27bd Cliquez ici pour d\u00e9couvrir comment soutenir The Conservative Enthusiast : La plateforme de partage et d'apprentissage des conservateurs.","breadcrumb":{"@id":"https:\/\/conservativenthusiast.com\/nous-soutenir\/#breadcrumb"},"inLanguage":"en-GB","potentialAction":[{"@type":"ReadAction","target":["https:\/\/conservativenthusiast.com\/nous-soutenir\/"]}]},{"@type":"BreadcrumbList","@id":"https:\/\/conservativenthusiast.com\/nous-soutenir\/#breadcrumb","itemListElement":[{"@type":"ListItem","position":1,"name":"Accueil","item":"https:\/\/conservativenthusiast.com\/"},{"@type":"ListItem","position":2,"name":"NOUS SOUTENIR"}]},{"@type":"WebSite","@id":"https:\/\/conservativenthusiast.com\/#website","url":"https:\/\/conservativenthusiast.com\/","name":"The Conservative Enthusiast","description":"La plateforme de r\u00e9information, de partage et d&#039;apprentissage des conservateurs.","publisher":{"@id":"https:\/\/conservativenthusiast.com\/#organization"},"potentialAction":[{"@type":"SearchAction","target":{"@type":"EntryPoint","urlTemplate":"https:\/\/conservativenthusiast.com\/?s={search_term_string}"},"query-input":"required name=search_term_string"}],"inLanguage":"en-GB"},{"@type":"Organization","@id":"https:\/\/conservativenthusiast.com\/#organization","name":"The Conservative Enthusiast","url":"https:\/\/conservativenthusiast.com\/","logo":{"@type":"ImageObject","inLanguage":"en-GB","@id":"https:\/\/conservativenthusiast.com\/#\/schema\/logo\/image\/","url":"https:\/\/i0.wp.com\/conservativeenthusiast.com\/wp-content\/uploads\/2020\/06\/LOGO-CE-MINI.png?fit=3867%2C1180&ssl=1","contentUrl":"https:\/\/i0.wp.com\/conservativeenthusiast.com\/wp-content\/uploads\/2020\/06\/LOGO-CE-MINI.png?fit=3867%2C1180&ssl=1","width":3867,"height":1180,"caption":"The Conservative Enthusiast"},"image":{"@id":"https:\/\/conservativenthusiast.com\/#\/schema\/logo\/image\/"}}]}},"_links":{"self":[{"href":"https:\/\/conservativenthusiast.com\/en\/wp-json\/wp\/v2\/pages\/565"}],"collection":[{"href":"https:\/\/conservativenthusiast.com\/en\/wp-json\/wp\/v2\/pages"}],"about":[{"href":"https:\/\/conservativenthusiast.com\/en\/wp-json\/wp\/v2\/types\/page"}],"author":[{"embeddable":true,"href":"https:\/\/conservativenthusiast.com\/en\/wp-json\/wp\/v2\/users\/1"}],"replies":[{"embeddable":true,"href":"https:\/\/conservativenthusiast.com\/en\/wp-json\/wp\/v2\/comments?post=565"}],"version-history":[{"count":29,"href":"https:\/\/conservativenthusiast.com\/en\/wp-json\/wp\/v2\/pages\/565\/revisions"}],"predecessor-version":[{"id":76819,"href":"https:\/\/conservativenthusiast.com\/en\/wp-json\/wp\/v2\/pages\/565\/revisions\/76819"}],"wp:attachment":[{"href":"https:\/\/conservativenthusiast.com\/en\/wp-json\/wp\/v2\/media?parent=565"}],"curies":[{"name":"wp","href":"https:\/\/api.w.org\/{rel}","templated":true}]}}