{"id":4587,"date":"2020-12-19T15:00:11","date_gmt":"2020-12-19T14:00:11","guid":{"rendered":"https:\/\/conservativeenthusiast.com\/?page_id=4587"},"modified":"2021-01-03T22:12:01","modified_gmt":"2021-01-03T21:12:01","slug":"les-niveaux-de-membre","status":"publish","type":"page","link":"https:\/\/conservativenthusiast.com\/en\/les-niveaux-de-membre\/","title":{"rendered":"LES NIVEAUX TCE"},"content":{"rendered":"<p>[et_pb_section fb_built=&#8221;1&#8243; admin_label=&#8221;Courses Hero&#8221; _builder_version=&#8221;4.7.7&#8243; use_background_color_gradient=&#8221;on&#8221; background_color_gradient_start=&#8221;#021037&#8243; background_color_gradient_end=&#8221;#00032D&#8221; background_enable_image=&#8221;off&#8221; background_blend=&#8221;overlay&#8221; custom_padding=&#8221;100px|0px|180px|0px&#8221; animation_style=&#8221;slide&#8221; animation_direction=&#8221;top&#8221; animation_intensity_slide=&#8221;2%&#8221; locked=&#8221;off&#8221;][et_pb_row _builder_version=&#8221;3.25&#8243; background_size=&#8221;initial&#8221; background_position=&#8221;top_left&#8221; background_repeat=&#8221;repeat&#8221; custom_margin=&#8221;|||&#8221; custom_width_px=&#8221;1280px&#8221;][et_pb_column type=&#8221;4_4&#8243; _builder_version=&#8221;3.25&#8243; custom_padding=&#8221;|||&#8221; custom_padding__hover=&#8221;|||&#8221;][et_pb_text _builder_version=&#8221;3.27.4&#8243; header_font=&#8221;|on|||&#8221; header_font_size=&#8221;42px&#8221; header_line_height=&#8221;1.3em&#8221; background_size=&#8221;initial&#8221; background_position=&#8221;top_left&#8221; background_repeat=&#8221;repeat&#8221; text_orientation=&#8221;center&#8221; background_layout=&#8221;dark&#8221; max_width=&#8221;530px&#8221; module_alignment=&#8221;center&#8221; custom_padding=&#8221;|||&#8221; header_font_size_tablet=&#8221;&#8221; header_font_size_phone=&#8221;&#8221; header_font_size_last_edited=&#8221;on|desktop&#8221; locked=&#8221;off&#8221;]<\/p>\n<h1>The different levels of TCE Member<\/h1>\n<p>[\/et_pb_text][et_pb_text _builder_version=&#8221;4.7.7&#8243; text_text_color=&#8221;#ffffff&#8221; text_font_size=&#8221;16px&#8221; text_line_height=&#8221;1.9em&#8221; background_size=&#8221;initial&#8221; background_position=&#8221;top_left&#8221; background_repeat=&#8221;repeat&#8221; text_orientation=&#8221;center&#8221; max_width=&#8221;540px&#8221; module_alignment=&#8221;center&#8221; locked=&#8221;off&#8221;]<\/p>\n<p style=\"text-align: center;\">Sur cette page vous pouvez retrouver les diff\u00e9rents niveaux d&#8217;acc\u00e8s \u00e0 l&#8217;espace membre TCE ainsi que leurs avantages.<\/p>\n<p>[\/et_pb_text][\/et_pb_column][\/et_pb_row][\/et_pb_section][et_pb_section fb_built=&#8221;1&#8243; admin_label=&#8221;Courses&#8221; _builder_version=&#8221;3.22&#8243; custom_padding=&#8221;0px|0px|100px|0px&#8221;][et_pb_row _builder_version=&#8221;4.7.7&#8243; background_size=&#8221;initial&#8221; background_position=&#8221;top_left&#8221; background_repeat=&#8221;repeat&#8221; custom_margin=&#8221;|||&#8221; custom_padding=&#8221;0px|0px|0px|0px|false|false&#8221;][et_pb_column type=&#8221;4_4&#8243; _builder_version=&#8221;3.25&#8243; custom_padding=&#8221;|||&#8221; custom_padding__hover=&#8221;|||&#8221;][et_pb_blurb title=&#8221;Contributeur&#8221; url=&#8221;#&#8221; image=&#8221;https:\/\/conservativenthusiast.com\/wp-content\/uploads\/2020\/12\/CONTRIBUTEUR-ICON-300&#215;300.png&#8221; icon_placement=&#8221;left&#8221; content_max_width=&#8221;1100px&#8221; _builder_version=&#8221;4.7.7&#8243; header_font=&#8221;|on|||&#8221; header_text_color=&#8221;#2e2545&#8243; header_line_height=&#8221;1.5em&#8221; body_text_color=&#8221;#000000&#8243; body_font_size=&#8221;16px&#8221; body_line_height=&#8221;1.9em&#8221; background_color=&#8221;#ffffff&#8221; background_size=&#8221;initial&#8221; background_position=&#8221;top_left&#8221; background_repeat=&#8221;repeat&#8221; custom_margin=&#8221;-80px||10%|&#8221; custom_padding=&#8221;30px|40px|30px|40px&#8221; animation_style=&#8221;zoom&#8221; animation_direction=&#8221;bottom&#8221; animation_intensity_zoom=&#8221;20%&#8221; animation_starting_opacity=&#8221;100%&#8221; hover_enabled=&#8221;0&#8243; box_shadow_style=&#8221;preset2&#8243; box_shadow_horizontal=&#8221;0px&#8221; box_shadow_vertical=&#8221;0px&#8221; box_shadow_blur=&#8221;60px&#8221; box_shadow_color=&#8221;rgba(71,74,182,0.12)&#8221; locked=&#8221;off&#8221; sticky_enabled=&#8221;0&#8243;]<\/p>\n<p style=\"text-align: justify;\">Accessible uniquement via <a href=\"https:\/\/fr.tipeee.com\/the-conservative-enthusiast\">Tipeee<\/a> or <a href=\"https:\/\/www.patreon.com\/conservativeenthusiast\">Patreon<\/a>.<br \/> Ce niveau permet \u00e0 ceux qui le souhaitent de nous soutenir. Il vous donne uniquement acc\u00e8s au DISCORD TCE. Le niveau contributeur ne donne pas acc\u00e8s \u00e0 l&#8217;espace membre et aux contenus exclusifs.<\/p>\n<p>[\/et_pb_blurb][et_pb_blurb title=&#8221;Membre TCE&#8221; url=&#8221;#&#8221; image=&#8221;https:\/\/conservativenthusiast.com\/wp-content\/uploads\/2020\/12\/MEMBRE-TCE-1-1024&#215;1024.png&#8221; icon_placement=&#8221;left&#8221; content_max_width=&#8221;1100px&#8221; _builder_version=&#8221;4.7.7&#8243; header_font=&#8221;|on|||&#8221; header_text_color=&#8221;#2e2545&#8243; header_line_height=&#8221;1.5em&#8221; body_text_color=&#8221;#000000&#8243; body_font_size=&#8221;16px&#8221; body_line_height=&#8221;1.9em&#8221; background_color=&#8221;#ffffff&#8221; background_size=&#8221;initial&#8221; background_position=&#8221;top_left&#8221; background_repeat=&#8221;repeat&#8221; custom_margin=&#8221;||10%|&#8221; custom_padding=&#8221;30px|40px|30px|40px&#8221; animation_style=&#8221;zoom&#8221; animation_direction=&#8221;bottom&#8221; animation_intensity_zoom=&#8221;20%&#8221; animation_starting_opacity=&#8221;100%&#8221; box_shadow_style=&#8221;preset2&#8243; box_shadow_horizontal=&#8221;0px&#8221; box_shadow_vertical=&#8221;0px&#8221; box_shadow_blur=&#8221;60px&#8221; box_shadow_color=&#8221;rgba(71,74,182,0.12)&#8221; locked=&#8221;off&#8221;]<\/p>\n<p style=\"text-align: justify;\">C&#8217;est la premi\u00e8re porte d&#8217;entr\u00e9e dans l&#8217;espace membre TCE. Il vous donne acc\u00e8s aux contenus exclusifs qui comportent les vid\u00e9os, podcasts, \u00e9missions et articles in\u00e9dits. Il comprend l&#8217;acc\u00e8s au DISCORD.<\/p>\n<p style=\"text-align: justify;\"><a href=\"https:\/\/conservativenthusiast.com\/en\/membre-tce-inscription\/\">S&#8217;inscrire<\/a><\/p>\n<p>[\/et_pb_blurb][et_pb_blurb title=&#8221;Membre TCE+&#8221; url=&#8221;#&#8221; image=&#8221;https:\/\/conservativenthusiast.com\/wp-content\/uploads\/2020\/12\/MEMBRE-TCE-300&#215;300.png&#8221; icon_placement=&#8221;left&#8221; content_max_width=&#8221;1100px&#8221; _builder_version=&#8221;4.7.7&#8243; header_font=&#8221;|on|||&#8221; header_text_color=&#8221;#2e2545&#8243; header_line_height=&#8221;1.5em&#8221; body_text_color=&#8221;#000000&#8243; body_font_size=&#8221;16px&#8221; body_line_height=&#8221;1.9em&#8221; background_color=&#8221;#ffffff&#8221; background_size=&#8221;initial&#8221; background_position=&#8221;top_left&#8221; background_repeat=&#8221;repeat&#8221; custom_margin=&#8221;||10%|&#8221; custom_padding=&#8221;30px|40px|30px|40px&#8221; animation_style=&#8221;zoom&#8221; animation_direction=&#8221;bottom&#8221; animation_intensity_zoom=&#8221;20%&#8221; animation_starting_opacity=&#8221;100%&#8221; box_shadow_style=&#8221;preset2&#8243; box_shadow_horizontal=&#8221;0px&#8221; box_shadow_vertical=&#8221;0px&#8221; box_shadow_blur=&#8221;60px&#8221; box_shadow_color=&#8221;rgba(71,74,182,0.12)&#8221; locked=&#8221;off&#8221;]<\/p>\n<p style=\"text-align: justify;\">Il comprend tous les acc\u00e8s du niveau pr\u00e9c\u00e9dent avec en plus un compl\u00e9ment important qui est l&#8217;apprentissage personnalis\u00e9. Il vous permet d&#8217;avoir acc\u00e8s \u00e0 des fiches d&#8217;apprentissages, des conseils de lectures et un suivi personnalis\u00e9 de votre d\u00e9veloppement intellectuel. Il permet \u00e9galement de soumettre des questions \u00e0 l&#8217;\u00e9quipe de r\u00e9daction ainsi que vos propres \u00e9crits si vous souhaitez que la plateforme publie vos articles. Enfin, il vous permet \u00e9galement de profiter de r\u00e9ductions dans la boutique.<\/p>\n<p style=\"text-align: justify;\"><a href=\"https:\/\/conservativenthusiast.com\/en\/membre-tce-plus-inscription\/\">S&#8217;inscrire<\/a><\/p>\n<p>[\/et_pb_blurb][et_pb_blurb title=&#8221;Membre TCE GOLD&#8221; url=&#8221;#&#8221; image=&#8221;https:\/\/conservativenthusiast.com\/wp-content\/uploads\/2020\/12\/MEMBRE-GOLD-300&#215;300.png&#8221; icon_placement=&#8221;left&#8221; content_max_width=&#8221;1100px&#8221; _builder_version=&#8221;4.7.7&#8243; header_font=&#8221;|on|||&#8221; header_text_color=&#8221;#2e2545&#8243; header_line_height=&#8221;1.5em&#8221; body_text_color=&#8221;#000000&#8243; body_font_size=&#8221;16px&#8221; body_line_height=&#8221;1.9em&#8221; background_color=&#8221;#ffffff&#8221; background_size=&#8221;initial&#8221; background_position=&#8221;top_left&#8221; background_repeat=&#8221;repeat&#8221; custom_margin=&#8221;||10%|&#8221; custom_padding=&#8221;30px|40px|30px|40px&#8221; animation_style=&#8221;zoom&#8221; animation_direction=&#8221;bottom&#8221; animation_intensity_zoom=&#8221;20%&#8221; animation_starting_opacity=&#8221;100%&#8221; box_shadow_style=&#8221;preset2&#8243; box_shadow_horizontal=&#8221;0px&#8221; box_shadow_vertical=&#8221;0px&#8221; box_shadow_blur=&#8221;60px&#8221; box_shadow_color=&#8221;rgba(71,74,182,0.12)&#8221; locked=&#8221;off&#8221;]<\/p>\n<p style=\"text-align: justify;\">Il comprend tous les acc\u00e8s du niveau pr\u00e9c\u00e9dent avec en compl\u00e9ment l&#8217;acc\u00e8s anticip\u00e9 \u00e0 tous les contenus exclusifs quelques jours avant leur publication. Ce niveau offre \u00e9galement l&#8217;acc\u00e8s \u00e0 des groupes r\u00e9serv\u00e9s uniquement aux membres GOLD \u00e0 la fois \u00e0 l&#8217;int\u00e9rieur de l&#8217;espace membre mais \u00e9galement sur Discord. Il vous permet \u00e9galement de participer \u00e0 des lives exclusifs avec l&#8217;\u00e9quipe de r\u00e9daction afin de discuter avec eux et leur poser directement vos questions.<\/p>\n<p style=\"text-align: justify;\"><a href=\"https:\/\/conservativenthusiast.com\/en\/membre-tce-gold-inscription\/\">S&#8217;inscrire<\/a><\/p>\n<p>[\/et_pb_blurb][et_pb_blurb title=&#8221;Bienfaiteur TCE&#8221; url=&#8221;#&#8221; image=&#8221;https:\/\/conservativenthusiast.com\/wp-content\/uploads\/2020\/12\/MEMBRE-BIENFAITEUR-300&#215;300.png&#8221; icon_placement=&#8221;left&#8221; content_max_width=&#8221;1100px&#8221; _builder_version=&#8221;4.7.7&#8243; header_font=&#8221;|on|||&#8221; header_text_color=&#8221;#2e2545&#8243; header_line_height=&#8221;1.5em&#8221; body_text_color=&#8221;#000000&#8243; body_font_size=&#8221;16px&#8221; body_line_height=&#8221;1.9em&#8221; background_color=&#8221;#ffffff&#8221; background_size=&#8221;initial&#8221; background_position=&#8221;top_left&#8221; background_repeat=&#8221;repeat&#8221; custom_margin=&#8221;||10%|&#8221; custom_padding=&#8221;30px|40px|30px|40px&#8221; animation_style=&#8221;zoom&#8221; animation_direction=&#8221;bottom&#8221; animation_intensity_zoom=&#8221;20%&#8221; animation_starting_opacity=&#8221;100%&#8221; hover_enabled=&#8221;0&#8243; box_shadow_style=&#8221;preset2&#8243; box_shadow_horizontal=&#8221;0px&#8221; box_shadow_vertical=&#8221;0px&#8221; box_shadow_blur=&#8221;60px&#8221; box_shadow_color=&#8221;rgba(71,74,182,0.12)&#8221; locked=&#8221;off&#8221; sticky_enabled=&#8221;0&#8243;]<\/p>\n<p style=\"text-align: justify;\">Accessible uniquement via <a href=\"https:\/\/fr.tipeee.com\/the-conservative-enthusiast\">Tipeee<\/a> or <a href=\"https:\/\/www.patreon.com\/conservativeenthusiast\">Patreon<\/a>.<br \/> Il comprend tous les acc\u00e8s du niveau pr\u00e9c\u00e9dent avec en compl\u00e9tement 30 minutes de coaching personnalis\u00e9 par mois, en t\u00eate-\u00e0-t\u00eate avec un membre de l&#8217;\u00e9quipe, sur l&#8217;une des 8 cat\u00e9gories de votre choix.<\/p>\n<p>[\/et_pb_blurb][et_pb_blurb title=&#8221;M\u00e9c\u00e8ne TCE&#8221; url=&#8221;#&#8221; image=&#8221;https:\/\/conservativenthusiast.com\/wp-content\/uploads\/2020\/12\/MEMBRE-MECENE-300&#215;300.png&#8221; icon_placement=&#8221;left&#8221; content_max_width=&#8221;1100px&#8221; _builder_version=&#8221;4.7.7&#8243; header_font=&#8221;|on|||&#8221; header_text_color=&#8221;#2e2545&#8243; header_line_height=&#8221;1.5em&#8221; body_text_color=&#8221;#000000&#8243; body_font_size=&#8221;16px&#8221; body_line_height=&#8221;1.9em&#8221; background_color=&#8221;#ffffff&#8221; background_size=&#8221;initial&#8221; background_position=&#8221;top_left&#8221; background_repeat=&#8221;repeat&#8221; custom_margin=&#8221;||10%|&#8221; custom_padding=&#8221;30px|40px|30px|40px&#8221; animation_style=&#8221;zoom&#8221; animation_direction=&#8221;bottom&#8221; animation_intensity_zoom=&#8221;20%&#8221; animation_starting_opacity=&#8221;100%&#8221; hover_enabled=&#8221;0&#8243; box_shadow_style=&#8221;preset2&#8243; box_shadow_horizontal=&#8221;0px&#8221; box_shadow_vertical=&#8221;0px&#8221; box_shadow_blur=&#8221;60px&#8221; box_shadow_color=&#8221;rgba(71,74,182,0.12)&#8221; locked=&#8221;off&#8221; sticky_enabled=&#8221;0&#8243;]<\/p>\n<p style=\"text-align: justify;\">Accessible uniquement via <a href=\"https:\/\/fr.tipeee.com\/the-conservative-enthusiast\">Tipeee<\/a> or <a href=\"https:\/\/www.patreon.com\/conservativeenthusiast\">Patreon<\/a>.<br \/> This level includes all the elements of the previous level with, in addition, a VIP invitation to all TCE events like conferences, meetups etc...<\/p>\n<p>[\/et_pb_blurb][\/et_pb_column][\/et_pb_row][\/et_pb_section]<\/p>","protected":false},"excerpt":{"rendered":"<p>Les diff\u00e9rents niveaux de Membres TCESur cette page vous pouvez retrouver les diff\u00e9rents niveaux d&#8217;acc\u00e8s \u00e0 l&#8217;espace membre TCE ainsi [&hellip;]<\/p>","protected":false},"author":1,"featured_media":0,"parent":0,"menu_order":0,"comment_status":"closed","ping_status":"closed","template":"","meta":{"_et_pb_use_builder":"on","_et_pb_old_content":"","_et_gb_content_width":"","_exactmetrics_skip_tracking":false,"_exactmetrics_sitenote_active":false,"_exactmetrics_sitenote_note":"","_exactmetrics_sitenote_category":0,"footnotes":""},"yoast_head":"<!-- This site is optimized with the Yoast SEO plugin v22.3 - https:\/\/yoast.com\/wordpress\/plugins\/seo\/ -->\n<title>LES NIVEAUX TCE - The Conservative Enthusiast<\/title>\n<meta name=\"description\" content=\"\u27bd La plateforme d&#039;actualit\u00e9, d&#039;information, de partage et d&#039;apprentissage des conservateurs.\" \/>\n<meta name=\"robots\" content=\"index, follow, max-snippet:-1, max-image-preview:large, max-video-preview:-1\" \/>\n<link rel=\"canonical\" href=\"https:\/\/conservativenthusiast.com\/en\/les-niveaux-de-membre\/\" \/>\n<meta property=\"og:locale\" content=\"en_GB\" \/>\n<meta property=\"og:type\" content=\"article\" \/>\n<meta property=\"og:title\" content=\"LES NIVEAUX TCE - The Conservative Enthusiast\" \/>\n<meta property=\"og:description\" content=\"\u27bd La plateforme d&#039;actualit\u00e9, d&#039;information, de partage et d&#039;apprentissage des conservateurs.\" \/>\n<meta property=\"og:url\" content=\"https:\/\/conservativenthusiast.com\/en\/les-niveaux-de-membre\/\" \/>\n<meta property=\"og:site_name\" content=\"The Conservative Enthusiast\" \/>\n<meta property=\"article:modified_time\" content=\"2021-01-03T21:12:01+00:00\" \/>\n<meta name=\"twitter:card\" content=\"summary_large_image\" \/>\n<meta name=\"twitter:label1\" content=\"Estimated reading time\" \/>\n\t<meta name=\"twitter:data1\" content=\"6 minutes\" \/>\n<script type=\"application\/ld+json\" class=\"yoast-schema-graph\">{\"@context\":\"https:\/\/schema.org\",\"@graph\":[{\"@type\":\"WebPage\",\"@id\":\"https:\/\/conservativenthusiast.com\/les-niveaux-de-membre\/\",\"url\":\"https:\/\/conservativenthusiast.com\/les-niveaux-de-membre\/\",\"name\":\"LES NIVEAUX TCE - The Conservative Enthusiast\",\"isPartOf\":{\"@id\":\"https:\/\/conservativenthusiast.com\/#website\"},\"datePublished\":\"2020-12-19T14:00:11+00:00\",\"dateModified\":\"2021-01-03T21:12:01+00:00\",\"description\":\"\u27bd La plateforme d'actualit\u00e9, d'information, de partage et d'apprentissage des conservateurs.\",\"breadcrumb\":{\"@id\":\"https:\/\/conservativenthusiast.com\/les-niveaux-de-membre\/#breadcrumb\"},\"inLanguage\":\"en-GB\",\"potentialAction\":[{\"@type\":\"ReadAction\",\"target\":[\"https:\/\/conservativenthusiast.com\/les-niveaux-de-membre\/\"]}]},{\"@type\":\"BreadcrumbList\",\"@id\":\"https:\/\/conservativenthusiast.com\/les-niveaux-de-membre\/#breadcrumb\",\"itemListElement\":[{\"@type\":\"ListItem\",\"position\":1,\"name\":\"Accueil\",\"item\":\"https:\/\/conservativenthusiast.com\/\"},{\"@type\":\"ListItem\",\"position\":2,\"name\":\"LES NIVEAUX TCE\"}]},{\"@type\":\"WebSite\",\"@id\":\"https:\/\/conservativenthusiast.com\/#website\",\"url\":\"https:\/\/conservativenthusiast.com\/\",\"name\":\"The Conservative Enthusiast\",\"description\":\"La plateforme de r\u00e9information, de partage et d&#039;apprentissage des conservateurs.\",\"publisher\":{\"@id\":\"https:\/\/conservativenthusiast.com\/#organization\"},\"potentialAction\":[{\"@type\":\"SearchAction\",\"target\":{\"@type\":\"EntryPoint\",\"urlTemplate\":\"https:\/\/conservativenthusiast.com\/?s={search_term_string}\"},\"query-input\":\"required name=search_term_string\"}],\"inLanguage\":\"en-GB\"},{\"@type\":\"Organization\",\"@id\":\"https:\/\/conservativenthusiast.com\/#organization\",\"name\":\"The Conservative Enthusiast\",\"url\":\"https:\/\/conservativenthusiast.com\/\",\"logo\":{\"@type\":\"ImageObject\",\"inLanguage\":\"en-GB\",\"@id\":\"https:\/\/conservativenthusiast.com\/#\/schema\/logo\/image\/\",\"url\":\"https:\/\/i0.wp.com\/conservativeenthusiast.com\/wp-content\/uploads\/2020\/06\/LOGO-CE-MINI.png?fit=3867%2C1180&ssl=1\",\"contentUrl\":\"https:\/\/i0.wp.com\/conservativeenthusiast.com\/wp-content\/uploads\/2020\/06\/LOGO-CE-MINI.png?fit=3867%2C1180&ssl=1\",\"width\":3867,\"height\":1180,\"caption\":\"The Conservative Enthusiast\"},\"image\":{\"@id\":\"https:\/\/conservativenthusiast.com\/#\/schema\/logo\/image\/\"}}]}<\/script>\n<!-- \/ Yoast SEO plugin. -->","yoast_head_json":{"title":"LES NIVEAUX TCE - The Conservative Enthusiast","description":"\u27bd La plateforme d'actualit\u00e9, d'information, de partage et d'apprentissage des conservateurs.","robots":{"index":"index","follow":"follow","max-snippet":"max-snippet:-1","max-image-preview":"max-image-preview:large","max-video-preview":"max-video-preview:-1"},"canonical":"https:\/\/conservativenthusiast.com\/en\/les-niveaux-de-membre\/","og_locale":"en_GB","og_type":"article","og_title":"LES NIVEAUX TCE - The Conservative Enthusiast","og_description":"\u27bd La plateforme d'actualit\u00e9, d'information, de partage et d'apprentissage des conservateurs.","og_url":"https:\/\/conservativenthusiast.com\/en\/les-niveaux-de-membre\/","og_site_name":"The Conservative Enthusiast","article_modified_time":"2021-01-03T21:12:01+00:00","twitter_card":"summary_large_image","twitter_misc":{"Estimated reading time":"6 minutes"},"schema":{"@context":"https:\/\/schema.org","@graph":[{"@type":"WebPage","@id":"https:\/\/conservativenthusiast.com\/les-niveaux-de-membre\/","url":"https:\/\/conservativenthusiast.com\/les-niveaux-de-membre\/","name":"LES NIVEAUX TCE - The Conservative Enthusiast","isPartOf":{"@id":"https:\/\/conservativenthusiast.com\/#website"},"datePublished":"2020-12-19T14:00:11+00:00","dateModified":"2021-01-03T21:12:01+00:00","description":"\u27bd La plateforme d'actualit\u00e9, d'information, de partage et d'apprentissage des conservateurs.","breadcrumb":{"@id":"https:\/\/conservativenthusiast.com\/les-niveaux-de-membre\/#breadcrumb"},"inLanguage":"en-GB","potentialAction":[{"@type":"ReadAction","target":["https:\/\/conservativenthusiast.com\/les-niveaux-de-membre\/"]}]},{"@type":"BreadcrumbList","@id":"https:\/\/conservativenthusiast.com\/les-niveaux-de-membre\/#breadcrumb","itemListElement":[{"@type":"ListItem","position":1,"name":"Accueil","item":"https:\/\/conservativenthusiast.com\/"},{"@type":"ListItem","position":2,"name":"LES NIVEAUX TCE"}]},{"@type":"WebSite","@id":"https:\/\/conservativenthusiast.com\/#website","url":"https:\/\/conservativenthusiast.com\/","name":"The Conservative Enthusiast","description":"La plateforme de r\u00e9information, de partage et d&#039;apprentissage des conservateurs.","publisher":{"@id":"https:\/\/conservativenthusiast.com\/#organization"},"potentialAction":[{"@type":"SearchAction","target":{"@type":"EntryPoint","urlTemplate":"https:\/\/conservativenthusiast.com\/?s={search_term_string}"},"query-input":"required name=search_term_string"}],"inLanguage":"en-GB"},{"@type":"Organization","@id":"https:\/\/conservativenthusiast.com\/#organization","name":"The Conservative Enthusiast","url":"https:\/\/conservativenthusiast.com\/","logo":{"@type":"ImageObject","inLanguage":"en-GB","@id":"https:\/\/conservativenthusiast.com\/#\/schema\/logo\/image\/","url":"https:\/\/i0.wp.com\/conservativeenthusiast.com\/wp-content\/uploads\/2020\/06\/LOGO-CE-MINI.png?fit=3867%2C1180&ssl=1","contentUrl":"https:\/\/i0.wp.com\/conservativeenthusiast.com\/wp-content\/uploads\/2020\/06\/LOGO-CE-MINI.png?fit=3867%2C1180&ssl=1","width":3867,"height":1180,"caption":"The Conservative Enthusiast"},"image":{"@id":"https:\/\/conservativenthusiast.com\/#\/schema\/logo\/image\/"}}]}},"_links":{"self":[{"href":"https:\/\/conservativenthusiast.com\/en\/wp-json\/wp\/v2\/pages\/4587"}],"collection":[{"href":"https:\/\/conservativenthusiast.com\/en\/wp-json\/wp\/v2\/pages"}],"about":[{"href":"https:\/\/conservativenthusiast.com\/en\/wp-json\/wp\/v2\/types\/page"}],"author":[{"embeddable":true,"href":"https:\/\/conservativenthusiast.com\/en\/wp-json\/wp\/v2\/users\/1"}],"replies":[{"embeddable":true,"href":"https:\/\/conservativenthusiast.com\/en\/wp-json\/wp\/v2\/comments?post=4587"}],"version-history":[{"count":24,"href":"https:\/\/conservativenthusiast.com\/en\/wp-json\/wp\/v2\/pages\/4587\/revisions"}],"predecessor-version":[{"id":6922,"href":"https:\/\/conservativenthusiast.com\/en\/wp-json\/wp\/v2\/pages\/4587\/revisions\/6922"}],"wp:attachment":[{"href":"https:\/\/conservativenthusiast.com\/en\/wp-json\/wp\/v2\/media?parent=4587"}],"curies":[{"name":"wp","href":"https:\/\/api.w.org\/{rel}","templated":true}]}}