{"id":42,"date":"2020-06-14T16:03:56","date_gmt":"2020-06-14T14:03:56","guid":{"rendered":"http:\/\/conservativeenthusiast.com\/?page_id=42"},"modified":"2021-01-03T19:02:24","modified_gmt":"2021-01-03T18:02:24","slug":"categories","status":"publish","type":"page","link":"https:\/\/conservativenthusiast.com\/en\/categories\/","title":{"rendered":"CATEGORIES"},"content":{"rendered":"[et_pb_section fb_built=&#8221;1&#8243; _builder_version=&#8221;4.4.8&#8243; background_color=&#8221;#021037&#8243; custom_padding=&#8221;40px||40px|||&#8221;][et_pb_row _builder_version=&#8221;4.4.8&#8243;][et_pb_column type=&#8221;4_4&#8243; _builder_version=&#8221;4.4.8&#8243;][et_pb_text _builder_version=&#8221;4.7.7&#8243; text_font=&#8221;Belgrano|700|||||||&#8221; text_text_color=&#8221;#ffffff&#8221; text_font_size=&#8221;35px&#8221; text_line_height=&#8221;1.8em&#8221; module_alignment=&#8221;center&#8221; hover_enabled=&#8221;0&#8243; sticky_enabled=&#8221;0&#8243; text_font_size_last_edited=&#8221;on|phone&#8221; text_font_size_phone=&#8221;30px&#8221;]<p style=\"text-align: center;\">Que voulez-vous approfondir aujourd&#8217;hui ?<\/p>[\/et_pb_text][\/et_pb_column][\/et_pb_row][\/et_pb_section][et_pb_section fb_built=&#8221;1&#8243; _builder_version=&#8221;4.4.8&#8243; background_color=&#8221;#021037&#8243; custom_padding=&#8221;4px|||||&#8221;][et_pb_row column_structure=&#8221;1_2,1_2&#8243; make_equal=&#8221;on&#8221; _builder_version=&#8221;4.4.8&#8243; max_width=&#8221;1200px&#8221;][et_pb_column type=&#8221;1_2&#8243; _builder_version=&#8221;4.4.8&#8243;][et_pb_text _builder_version=&#8221;4.5.7&#8243; text_font=&#8221;Adamina|700|||||||&#8221; text_text_color=&#8221;#ffffff&#8221; text_font_size=&#8221;30px&#8221; link_option_url=&#8221;https:\/\/conservativenthusiast.com\/litterature\/&#8221;]<p style=\"text-align: center;\">Literature<\/p>[\/et_pb_text][et_pb_image src=&#8221;https:\/\/conservativenthusiast.com\/wp-content\/uploads\/2020\/08\/devon-divine-Hzp-1ua8DVE-unsplash.jpg&#8221; title_text=&#8221;Litt\u00e9rature banner&#8221; url=&#8221;https:\/\/conservativenthusiast.com\/litterature\/&#8221; _builder_version=&#8221;4.6.3&#8243;][\/et_pb_image][\/et_pb_column][et_pb_column type=&#8221;1_2&#8243; _builder_version=&#8221;4.4.8&#8243;][et_pb_text _builder_version=&#8221;4.5.7&#8243; text_font=&#8221;Adamina|700|||||||&#8221; text_text_color=&#8221;#ffffff&#8221; text_font_size=&#8221;30px&#8221; link_option_url=&#8221;https:\/\/conservativenthusiast.com\/philosophie\/&#8221;]<p style=\"text-align: center;\">Philosophy<\/p>[\/et_pb_text][et_pb_image src=&#8221;https:\/\/conservativenthusiast.com\/wp-content\/uploads\/2020\/06\/nils-kaEhf0eZme8-unsplash.jpg&#8221; title_text=&#8221;Philosophie&#8221; url=&#8221;https:\/\/conservativenthusiast.com\/philosophie\/&#8221; _builder_version=&#8221;4.5.7&#8243;][\/et_pb_image][\/et_pb_column][\/et_pb_row][et_pb_row column_structure=&#8221;1_2,1_2&#8243; make_equal=&#8221;on&#8221; _builder_version=&#8221;4.4.8&#8243; max_width=&#8221;1200px&#8221;][et_pb_column type=&#8221;1_2&#8243; _builder_version=&#8221;4.4.8&#8243;][et_pb_text _builder_version=&#8221;4.5.6&#8243; text_font=&#8221;Adamina|700|||||||&#8221; text_text_color=&#8221;#ffffff&#8221; text_font_size=&#8221;30px&#8221; link_text_color=&#8221;#ffffff&#8221; link_option_url=&#8221;https:\/\/conservativenthusiast.com\/histoire\/&#8221;]<p style=\"text-align: center;\"><a href=\"https:\/\/conservativenthusiast.com\/en\/histoire\/\">History<\/a><\/p>[\/et_pb_text][et_pb_image src=&#8221;https:\/\/conservativenthusiast.com\/wp-content\/uploads\/2020\/06\/mr-cup-fabien-barral-Fo5dTm6ID1Y-unsplash.jpg&#8221; alt=&#8221;Histoire&#8221; title_text=&#8221;Histoire&#8221; url=&#8221;https:\/\/conservativenthusiast.com\/histoire\/&#8221; _builder_version=&#8221;4.5.6&#8243;][\/et_pb_image][\/et_pb_column][et_pb_column type=&#8221;1_2&#8243; _builder_version=&#8221;4.4.8&#8243;][et_pb_text _builder_version=&#8221;4.5.7&#8243; text_font=&#8221;Adamina|700|||||||&#8221; text_text_color=&#8221;#ffffff&#8221; text_font_size=&#8221;30px&#8221; link_option_url=&#8221;https:\/\/conservativenthusiast.com\/politique\/&#8221;]<p style=\"text-align: center;\">Politics<\/p>[\/et_pb_text][et_pb_image src=&#8221;https:\/\/conservativenthusiast.com\/wp-content\/uploads\/2020\/07\/evangeline-shaw-ZG1WIcFHAkQ-unsplash.jpg&#8221; alt=&#8221;Politique&#8221; title_text=&#8221;POLITIQUE&#8221; url=&#8221;https:\/\/conservativenthusiast.com\/politique\/&#8221; _builder_version=&#8221;4.5.7&#8243;][\/et_pb_image][\/et_pb_column][\/et_pb_row][et_pb_row column_structure=&#8221;1_2,1_2&#8243; make_equal=&#8221;on&#8221; _builder_version=&#8221;4.4.8&#8243; max_width=&#8221;1200px&#8221;][et_pb_column type=&#8221;1_2&#8243; _builder_version=&#8221;4.4.8&#8243;][et_pb_text _builder_version=&#8221;4.5.7&#8243; text_font=&#8221;Adamina|700|||||||&#8221; text_text_color=&#8221;#ffffff&#8221; text_font_size=&#8221;30px&#8221; link_option_url=&#8221;https:\/\/conservativenthusiast.com\/elegance\/&#8221;]<p style=\"text-align: center;\">Elegance<\/p>[\/et_pb_text][et_pb_image src=&#8221;https:\/\/conservativenthusiast.com\/wp-content\/uploads\/2020\/06\/alexander-naglestad-RFhq0SrrgEg-unsplash-1.jpg&#8221; alt=&#8221;Histoire&#8221; title_text=&#8221;Elegance&#8221; url=&#8221;https:\/\/conservativenthusiast.com\/elegance\/&#8221; _builder_version=&#8221;4.5.7&#8243;][\/et_pb_image][\/et_pb_column][et_pb_column type=&#8221;1_2&#8243; _builder_version=&#8221;4.4.8&#8243;][et_pb_text _builder_version=&#8221;4.5.7&#8243; text_font=&#8221;Adamina|700|||||||&#8221; text_text_color=&#8221;#ffffff&#8221; text_font_size=&#8221;30px&#8221; link_option_url=&#8221;https:\/\/conservativenthusiast.com\/musique\/&#8221;]<p style=\"text-align: center;\">Music<\/p>[\/et_pb_text][et_pb_image src=&#8221;https:\/\/conservativenthusiast.com\/wp-content\/uploads\/2020\/06\/samuel-sianipar-4TNd3hsW3PM-unsplash.jpg&#8221; alt=&#8221;Musique&#8221; title_text=&#8221;Musique&#8221; url=&#8221;https:\/\/conservativenthusiast.com\/musique\/&#8221; _builder_version=&#8221;4.5.7&#8243;][\/et_pb_image][\/et_pb_column][\/et_pb_row][et_pb_row column_structure=&#8221;1_2,1_2&#8243; make_equal=&#8221;on&#8221; _builder_version=&#8221;4.4.8&#8243; max_width=&#8221;1200px&#8221;][et_pb_column type=&#8221;1_2&#8243; _builder_version=&#8221;4.4.8&#8243;][et_pb_text _builder_version=&#8221;4.5.7&#8243; text_font=&#8221;Adamina|700|||||||&#8221; text_text_color=&#8221;#ffffff&#8221; text_font_size=&#8221;30px&#8221; link_option_url=&#8221;https:\/\/conservativenthusiast.com\/cinema\/&#8221;]<p style=\"text-align: center;\">Cinema<\/p>[\/et_pb_text][et_pb_image src=&#8221;https:\/\/conservativenthusiast.com\/wp-content\/uploads\/2020\/06\/andrej-lisakov-h7NJAoE6C-I-unsplash.jpg&#8221; alt=&#8221;Cin\u00e9ma&#8221; title_text=&#8221;Cin\u00e9ma&#8221; url=&#8221;https:\/\/conservativenthusiast.com\/cinema\/&#8221; _builder_version=&#8221;4.5.7&#8243;][\/et_pb_image][\/et_pb_column][et_pb_column type=&#8221;1_2&#8243; _builder_version=&#8221;4.4.8&#8243;][et_pb_text _builder_version=&#8221;4.5.7&#8243; text_font=&#8221;Adamina|700|||||||&#8221; text_text_color=&#8221;#ffffff&#8221; text_font_size=&#8221;30px&#8221; link_option_url=&#8221;https:\/\/conservativenthusiast.com\/patrimoine\/&#8221;]<p style=\"text-align: center;\">Patrimony<\/p>[\/et_pb_text][et_pb_image src=&#8221;https:\/\/conservativenthusiast.com\/wp-content\/uploads\/2020\/06\/dorian-mongel-Yui3DZiX7yM-unsplash.jpg&#8221; alt=&#8221;Patrimoine&#8221; title_text=&#8221;Patrimoine&#8221; url=&#8221;https:\/\/conservativenthusiast.com\/patrimoine\/&#8221; _builder_version=&#8221;4.5.7&#8243;][\/et_pb_image][\/et_pb_column][\/et_pb_row][\/et_pb_section]","protected":false},"excerpt":{"rendered":"<p>Que voulez-vous approfondir aujourd&#8217;hui ?Litt\u00e9raturePhilosophieHistoirePolitique\u00c9l\u00e9ganceMusiqueCin\u00e9maPatrimoine<\/p>","protected":false},"author":1,"featured_media":0,"parent":0,"menu_order":0,"comment_status":"closed","ping_status":"closed","template":"","meta":{"_et_pb_use_builder":"on","_et_pb_old_content":"","_et_gb_content_width":"","_exactmetrics_skip_tracking":false,"_exactmetrics_sitenote_active":false,"_exactmetrics_sitenote_note":"","_exactmetrics_sitenote_category":0,"footnotes":""},"yoast_head":"<!-- This site is optimized with the Yoast SEO plugin v22.3 - https:\/\/yoast.com\/wordpress\/plugins\/seo\/ -->\n<title>CAT\u00c9GORIES - The Conservative Enthusiast<\/title>\n<meta name=\"description\" content=\"\u27bd Cliquez ici pour d\u00e9couvrir les cat\u00e9gories de The Conservative Enthusiast : la de partage et d&#039;apprentissage des conservateurs.\" \/>\n<meta name=\"robots\" content=\"index, follow, max-snippet:-1, max-image-preview:large, max-video-preview:-1\" \/>\n<link rel=\"canonical\" href=\"https:\/\/conservativenthusiast.com\/en\/categories\/\" \/>\n<meta property=\"og:locale\" content=\"en_GB\" \/>\n<meta property=\"og:type\" content=\"article\" \/>\n<meta property=\"og:title\" content=\"CAT\u00c9GORIES - The Conservative Enthusiast\" \/>\n<meta property=\"og:description\" content=\"\u27bd Cliquez ici pour d\u00e9couvrir les cat\u00e9gories de The Conservative Enthusiast : la de partage et d&#039;apprentissage des conservateurs.\" \/>\n<meta property=\"og:url\" content=\"https:\/\/conservativenthusiast.com\/en\/categories\/\" \/>\n<meta property=\"og:site_name\" content=\"The Conservative Enthusiast\" \/>\n<meta property=\"article:modified_time\" content=\"2021-01-03T18:02:24+00:00\" \/>\n<meta name=\"twitter:card\" content=\"summary_large_image\" \/>\n<meta name=\"twitter:label1\" content=\"Estimated reading time\" \/>\n\t<meta name=\"twitter:data1\" content=\"3 minutes\" \/>\n<script type=\"application\/ld+json\" class=\"yoast-schema-graph\">{\"@context\":\"https:\/\/schema.org\",\"@graph\":[{\"@type\":\"WebPage\",\"@id\":\"https:\/\/conservativenthusiast.com\/categories\/\",\"url\":\"https:\/\/conservativenthusiast.com\/categories\/\",\"name\":\"CAT\u00c9GORIES - The Conservative Enthusiast\",\"isPartOf\":{\"@id\":\"https:\/\/conservativenthusiast.com\/#website\"},\"datePublished\":\"2020-06-14T14:03:56+00:00\",\"dateModified\":\"2021-01-03T18:02:24+00:00\",\"description\":\"\u27bd Cliquez ici pour d\u00e9couvrir les cat\u00e9gories de The Conservative Enthusiast : la de partage et d'apprentissage des conservateurs.\",\"breadcrumb\":{\"@id\":\"https:\/\/conservativenthusiast.com\/categories\/#breadcrumb\"},\"inLanguage\":\"en-GB\",\"potentialAction\":[{\"@type\":\"ReadAction\",\"target\":[\"https:\/\/conservativenthusiast.com\/categories\/\"]}]},{\"@type\":\"BreadcrumbList\",\"@id\":\"https:\/\/conservativenthusiast.com\/categories\/#breadcrumb\",\"itemListElement\":[{\"@type\":\"ListItem\",\"position\":1,\"name\":\"Accueil\",\"item\":\"https:\/\/conservativenthusiast.com\/\"},{\"@type\":\"ListItem\",\"position\":2,\"name\":\"CAT\u00c9GORIES\"}]},{\"@type\":\"WebSite\",\"@id\":\"https:\/\/conservativenthusiast.com\/#website\",\"url\":\"https:\/\/conservativenthusiast.com\/\",\"name\":\"The Conservative Enthusiast\",\"description\":\"La plateforme de r\u00e9information, de partage et d&#039;apprentissage des conservateurs.\",\"publisher\":{\"@id\":\"https:\/\/conservativenthusiast.com\/#organization\"},\"potentialAction\":[{\"@type\":\"SearchAction\",\"target\":{\"@type\":\"EntryPoint\",\"urlTemplate\":\"https:\/\/conservativenthusiast.com\/?s={search_term_string}\"},\"query-input\":\"required name=search_term_string\"}],\"inLanguage\":\"en-GB\"},{\"@type\":\"Organization\",\"@id\":\"https:\/\/conservativenthusiast.com\/#organization\",\"name\":\"The Conservative Enthusiast\",\"url\":\"https:\/\/conservativenthusiast.com\/\",\"logo\":{\"@type\":\"ImageObject\",\"inLanguage\":\"en-GB\",\"@id\":\"https:\/\/conservativenthusiast.com\/#\/schema\/logo\/image\/\",\"url\":\"https:\/\/i0.wp.com\/conservativeenthusiast.com\/wp-content\/uploads\/2020\/06\/LOGO-CE-MINI.png?fit=3867%2C1180&ssl=1\",\"contentUrl\":\"https:\/\/i0.wp.com\/conservativeenthusiast.com\/wp-content\/uploads\/2020\/06\/LOGO-CE-MINI.png?fit=3867%2C1180&ssl=1\",\"width\":3867,\"height\":1180,\"caption\":\"The Conservative Enthusiast\"},\"image\":{\"@id\":\"https:\/\/conservativenthusiast.com\/#\/schema\/logo\/image\/\"}}]}<\/script>\n<!-- \/ Yoast SEO plugin. -->","yoast_head_json":{"title":"CAT\u00c9GORIES - The Conservative Enthusiast","description":"\u27bd Cliquez ici pour d\u00e9couvrir les cat\u00e9gories de The Conservative Enthusiast : la de partage et d'apprentissage des conservateurs.","robots":{"index":"index","follow":"follow","max-snippet":"max-snippet:-1","max-image-preview":"max-image-preview:large","max-video-preview":"max-video-preview:-1"},"canonical":"https:\/\/conservativenthusiast.com\/en\/categories\/","og_locale":"en_GB","og_type":"article","og_title":"CAT\u00c9GORIES - The Conservative Enthusiast","og_description":"\u27bd Cliquez ici pour d\u00e9couvrir les cat\u00e9gories de The Conservative Enthusiast : la de partage et d'apprentissage des conservateurs.","og_url":"https:\/\/conservativenthusiast.com\/en\/categories\/","og_site_name":"The Conservative Enthusiast","article_modified_time":"2021-01-03T18:02:24+00:00","twitter_card":"summary_large_image","twitter_misc":{"Estimated reading time":"3 minutes"},"schema":{"@context":"https:\/\/schema.org","@graph":[{"@type":"WebPage","@id":"https:\/\/conservativenthusiast.com\/categories\/","url":"https:\/\/conservativenthusiast.com\/categories\/","name":"CAT\u00c9GORIES - The Conservative Enthusiast","isPartOf":{"@id":"https:\/\/conservativenthusiast.com\/#website"},"datePublished":"2020-06-14T14:03:56+00:00","dateModified":"2021-01-03T18:02:24+00:00","description":"\u27bd Cliquez ici pour d\u00e9couvrir les cat\u00e9gories de The Conservative Enthusiast : la de partage et d'apprentissage des conservateurs.","breadcrumb":{"@id":"https:\/\/conservativenthusiast.com\/categories\/#breadcrumb"},"inLanguage":"en-GB","potentialAction":[{"@type":"ReadAction","target":["https:\/\/conservativenthusiast.com\/categories\/"]}]},{"@type":"BreadcrumbList","@id":"https:\/\/conservativenthusiast.com\/categories\/#breadcrumb","itemListElement":[{"@type":"ListItem","position":1,"name":"Accueil","item":"https:\/\/conservativenthusiast.com\/"},{"@type":"ListItem","position":2,"name":"CAT\u00c9GORIES"}]},{"@type":"WebSite","@id":"https:\/\/conservativenthusiast.com\/#website","url":"https:\/\/conservativenthusiast.com\/","name":"The Conservative Enthusiast","description":"La plateforme de r\u00e9information, de partage et d&#039;apprentissage des conservateurs.","publisher":{"@id":"https:\/\/conservativenthusiast.com\/#organization"},"potentialAction":[{"@type":"SearchAction","target":{"@type":"EntryPoint","urlTemplate":"https:\/\/conservativenthusiast.com\/?s={search_term_string}"},"query-input":"required name=search_term_string"}],"inLanguage":"en-GB"},{"@type":"Organization","@id":"https:\/\/conservativenthusiast.com\/#organization","name":"The Conservative Enthusiast","url":"https:\/\/conservativenthusiast.com\/","logo":{"@type":"ImageObject","inLanguage":"en-GB","@id":"https:\/\/conservativenthusiast.com\/#\/schema\/logo\/image\/","url":"https:\/\/i0.wp.com\/conservativeenthusiast.com\/wp-content\/uploads\/2020\/06\/LOGO-CE-MINI.png?fit=3867%2C1180&ssl=1","contentUrl":"https:\/\/i0.wp.com\/conservativeenthusiast.com\/wp-content\/uploads\/2020\/06\/LOGO-CE-MINI.png?fit=3867%2C1180&ssl=1","width":3867,"height":1180,"caption":"The Conservative Enthusiast"},"image":{"@id":"https:\/\/conservativenthusiast.com\/#\/schema\/logo\/image\/"}}]}},"_links":{"self":[{"href":"https:\/\/conservativenthusiast.com\/en\/wp-json\/wp\/v2\/pages\/42"}],"collection":[{"href":"https:\/\/conservativenthusiast.com\/en\/wp-json\/wp\/v2\/pages"}],"about":[{"href":"https:\/\/conservativenthusiast.com\/en\/wp-json\/wp\/v2\/types\/page"}],"author":[{"embeddable":true,"href":"https:\/\/conservativenthusiast.com\/en\/wp-json\/wp\/v2\/users\/1"}],"replies":[{"embeddable":true,"href":"https:\/\/conservativenthusiast.com\/en\/wp-json\/wp\/v2\/comments?post=42"}],"version-history":[{"count":21,"href":"https:\/\/conservativenthusiast.com\/en\/wp-json\/wp\/v2\/pages\/42\/revisions"}],"predecessor-version":[{"id":6870,"href":"https:\/\/conservativenthusiast.com\/en\/wp-json\/wp\/v2\/pages\/42\/revisions\/6870"}],"wp:attachment":[{"href":"https:\/\/conservativenthusiast.com\/en\/wp-json\/wp\/v2\/media?parent=42"}],"curies":[{"name":"wp","href":"https:\/\/api.w.org\/{rel}","templated":true}]}}